{"id":19,"date":"2023-11-21T17:00:52","date_gmt":"2023-11-21T20:00:52","guid":{"rendered":"https:\/\/fashiondescontos.com\/?post_type=product&#038;p=19"},"modified":"2024-10-15T15:22:50","modified_gmt":"2024-10-15T18:22:50","slug":"combo-escova-progressiva-fashion-gold-500g","status":"publish","type":"product","link":"https:\/\/fashiondescontos.com\/index.php\/produto\/combo-escova-progressiva-fashion-gold-500g\/","title":{"rendered":"Combo Escova Progressiva Fashion Gold 500g"},"content":{"rendered":"<p><strong>Combo FASHION GOLD &#8211; Com Kerafive-22\u00ae e Kit P\u00f3s Progressiva<\/strong><\/p>\n<p>&nbsp;<\/p>\n<p><strong>FASHION GOLD<\/strong><\/p>\n<p>Cabelo com brilho intenso, naturalidade, balan\u00e7o e sem frizz s\u00e3o alguns dos muitos benef\u00edcios da FASHION GOLD.<\/p>\n<p>Cabelos rebeldes e indisciplinados dificultam muito o dia a dia, sendo dif\u00edcil pentear e controlar o volume. Fashion Gold educa os fios permitindo que o seu dia a dia seja muito mais simples e descomplicado.<\/p>\n<p>A Fashion Gold \u00e9 indicada para todos os tipos de cabelos. Sua f\u00f3rmula exclusiva, proporciona um resultado perfeito que voc\u00ea sempre sonhou. Cont\u00e9m \u00f3leo inca e prote\u00edna de quinoa, ativos raros que restauram a sa\u00fade dos fios, hidratam e deixam seu cabelo com um brilho impec\u00e1vel.<\/p>\n<p>Venha se juntar ao time das apaixonadas por Fashion Gold! E garanta a ORIGINAL, n\u00e3o aceite imita\u00e7\u00f5es.<\/p>\n<p>Siga o Passo a Passo que ser\u00e1 enviado junto com o produto para obter sempre os melhores resultados.<\/p>\n<p>&nbsp;<\/p>\n<p><strong>SHAMPOO P\u00d3S PROGRESSIVA FASHION GOLD<\/strong><\/p>\n<p>Prolonga o efeito do alisamento e preserva o brilho e a hidrata\u00e7\u00e3o natural dos fios. A M\u00c1SCARA 2 EM 1 \u00e9 capaz de condicionar e hidratar ao mesmo tempo. Proporcionando um efeito \u00fanico, deixando seu cabelo com balan\u00e7o e naturalidade.<\/p>\n<p>Sua exclusiva tecnologia prolonga o efeito obtido pela escova progressiva, deixando o cabelo liso por muito mais tempo, um shampoo convencional tende a retirar at\u00e9 5x mais r\u00e1pido o efeito do alisamento, al\u00e9m de deixar o cabelo ressecado e sem brilho.<\/p>\n<p>SHAMPOO FASHION GOLD foi elaborado com a mais alta tecnologia para manter as escamas do cabelo (cut\u00edculas capilares) fechadas, evitando a oxida\u00e7\u00e3o e perda dos ativos que mant\u00e9m o cabelo liso e nutrido. Sua exclusiva formula\u00e7\u00e3o limpa sem danificar os fios, promovendo uma hidrata\u00e7\u00e3o profunda e tratamento intenso. Sua f\u00f3rmula concentrada proporciona maior rendimento, possibilitando um n\u00famero muito maior de lavagens do que outros shampoos tradicionais.<\/p>\n<p>&nbsp;<\/p>\n<p><strong>M\u00c1SCARA 2 EM 1<\/strong><\/p>\n<p>Dispensa o uso de condicionador, pois seu PH equilibrado hidrata ao mesmo tempo que mant\u00e9m a cut\u00edcula dos fios fechadas, preservando o alisamento por muito mais tempo, pode ser usada diariamente. N\u00e3o aumenta a oleosidade natural dos fios e n\u00e3o deixa o aspecto de \u201cpesado\u201d.<\/p>\n<p>Este produto n\u00e3o alisa o cabelo, apenas prolonga o efeito obtido com a escova progressiva.<\/p>\n","protected":false},"excerpt":{"rendered":"<p><strong>Combo FASHION GOLD &#8211; Com Kerafive-22\u00ae e Kit P\u00f3s Progressiva<\/strong><\/p>\n<p>&nbsp;<\/p>\n<p><strong>FASHION GOLD<\/strong><\/p>\n<p>Cabelo com brilho intenso, naturalidade, balan\u00e7o e sem frizz s\u00e3o alguns dos muitos benef\u00edcios da FASHION GOLD.<\/p>\n<p>Cabelos rebeldes e indisciplinados dificultam muito o dia a dia, sendo dif\u00edcil pentear e controlar o volume. Fashion Gold educa os fios permitindo que o seu dia a dia seja muito mais simples e descomplicado.<\/p>\n<p>A Fashion Gold \u00e9 indicada para todos os tipos de cabelos. Sua f\u00f3rmula exclusiva, proporciona um resultado perfeito que voc\u00ea sempre sonhou. Cont\u00e9m \u00f3leo inca e prote\u00edna de quinoa, ativos raros que restauram a sa\u00fade dos fios, hidratam e deixam seu cabelo com um brilho impec\u00e1vel.<\/p>\n<p>Venha se juntar ao time das apaixonadas por Fashion Gold! E garanta a ORIGINAL, n\u00e3o aceite imita\u00e7\u00f5es.<\/p>\n<p>Siga o Passo a Passo que ser\u00e1 enviado junto com o produto para obter sempre os melhores resultados.<\/p>\n<p>&nbsp;<\/p>\n<p><strong>SHAMPOO P\u00d3S PROGRESSIVA FASHION GOLD<\/strong><\/p>\n<p>Prolonga o efeito do alisamento e preserva o brilho e a hidrata\u00e7\u00e3o natural dos fios. A M\u00c1SCARA 2 EM 1 \u00e9 capaz de condicionar e hidratar ao mesmo tempo. Proporcionando um efeito \u00fanico, deixando seu cabelo com balan\u00e7o e naturalidade.<\/p>\n<p>Sua exclusiva tecnologia prolonga o efeito obtido pela escova progressiva, deixando o cabelo liso por muito mais tempo, um shampoo convencional tende a retirar at\u00e9 5x mais r\u00e1pido o efeito do alisamento, al\u00e9m de deixar o cabelo ressecado e sem brilho.<\/p>\n<p>SHAMPOO FASHION GOLD foi elaborado com a mais alta tecnologia para manter as escamas do cabelo (cut\u00edculas capilares) fechadas, evitando a oxida\u00e7\u00e3o e perda dos ativos que mant\u00e9m o cabelo liso e nutrido. Sua exclusiva formula\u00e7\u00e3o limpa sem danificar os fios, promovendo uma hidrata\u00e7\u00e3o profunda e tratamento intenso. Sua f\u00f3rmula concentrada proporciona maior rendimento, possibilitando um n\u00famero muito maior de lavagens do que outros shampoos tradicionais.<\/p>\n<p>&nbsp;<\/p>\n<p><strong>M\u00c1SCARA 2 EM 1<\/strong><\/p>\n<p>Dispensa o uso de condicionador, pois seu PH equilibrado hidrata ao mesmo tempo que mant\u00e9m a cut\u00edcula dos fios fechadas, preservando o alisamento por muito mais tempo, pode ser usada diariamente. N\u00e3o aumenta a oleosidade natural dos fios e n\u00e3o deixa o aspecto de \u201cpesado\u201d.<\/p>\n<p>Este produto n\u00e3o alisa o cabelo, apenas prolonga o efeito obtido com a escova progressiva.<\/p>\n","protected":false},"featured_media":49,"comment_status":"closed","ping_status":"closed","template":"","meta":[],"product_brand":[],"product_cat":[16],"product_tag":[43,17,18,41,19,20,21,22],"class_list":{"0":"post-19","1":"product","2":"type-product","3":"status-publish","4":"has-post-thumbnail","6":"product_cat-alisamento","7":"product_tag-combo","8":"product_tag-fashion-gold","9":"product_tag-formol","10":"product_tag-novidades","11":"product_tag-pagina-google","12":"product_tag-progressiva","13":"product_tag-selante","14":"product_tag-ybera-paris","16":"first","17":"instock","18":"sale","19":"featured","20":"shipping-taxable","21":"product-type-external"},"_links":{"self":[{"href":"https:\/\/fashiondescontos.com\/index.php\/wp-json\/wp\/v2\/product\/19","targetHints":{"allow":["GET"]}}],"collection":[{"href":"https:\/\/fashiondescontos.com\/index.php\/wp-json\/wp\/v2\/product"}],"about":[{"href":"https:\/\/fashiondescontos.com\/index.php\/wp-json\/wp\/v2\/types\/product"}],"replies":[{"embeddable":true,"href":"https:\/\/fashiondescontos.com\/index.php\/wp-json\/wp\/v2\/comments?post=19"}],"wp:featuredmedia":[{"embeddable":true,"href":"https:\/\/fashiondescontos.com\/index.php\/wp-json\/wp\/v2\/media\/49"}],"wp:attachment":[{"href":"https:\/\/fashiondescontos.com\/index.php\/wp-json\/wp\/v2\/media?parent=19"}],"wp:term":[{"taxonomy":"product_brand","embeddable":true,"href":"https:\/\/fashiondescontos.com\/index.php\/wp-json\/wp\/v2\/product_brand?post=19"},{"taxonomy":"product_cat","embeddable":true,"href":"https:\/\/fashiondescontos.com\/index.php\/wp-json\/wp\/v2\/product_cat?post=19"},{"taxonomy":"product_tag","embeddable":true,"href":"https:\/\/fashiondescontos.com\/index.php\/wp-json\/wp\/v2\/product_tag?post=19"}],"curies":[{"name":"wp","href":"https:\/\/api.w.org\/{rel}","templated":true}]}}