{"id":21,"date":"2023-11-21T17:00:52","date_gmt":"2023-11-21T20:00:52","guid":{"rendered":"https:\/\/fashiondescontos.com\/?post_type=product&#038;p=21"},"modified":"2024-05-10T10:54:12","modified_gmt":"2024-05-10T13:54:12","slug":"kit-100timetros-90-capsulas-vitamina-capilar","status":"publish","type":"product","link":"https:\/\/fashiondescontos.com\/index.php\/produto\/kit-100timetros-90-capsulas-vitamina-capilar\/","title":{"rendered":"Kit 100timetros &#8211; 90 capsulas &#8211; Vitamina Capilar"},"content":{"rendered":"<p><b>Kit 100timetros &#8211; 90 capsulas &#8211; Vitamina Capilar <\/b><\/p>\n<p>A linha 100Timetros \u00e9 \u00fanica e exclusiva.<\/p>\n<p>Sua f\u00f3rmula natural \u00e9 rica em nutrientes fundamentais para o corpo e contribui para diversos benef\u00edcios e manuten\u00e7\u00e3o do cabelo, pele e das mucosas.<\/p>\n<p>A suplementa\u00e7\u00e3o rep\u00f5e car\u00eancias que o organismo pode ter naturalmente e garante o equil\u00edbrio de diversas funcionalidades do corpo. E pode ficar despreocupada, as c\u00e1psulas 100Timetros n\u00e3o engordam, n\u00e3o possui efeitos colaterais, n\u00e3o atuam em n\u00edveis hormonais e n\u00e3o s\u00e3o um medicamento.<\/p>\n<p>Para acompanhar o crescimento do seu cabelo, o KIT 100Timetros cont\u00e9m uma Exclusiva Fita M\u00e9trica (100 cent\u00edmetros) que voc\u00ea poder\u00e1 utilizar para comprovar o aceleramento do crescimento dos fios.<\/p>\n<p>Principais Benef\u00edcios:<\/p>\n<p>&nbsp;<\/p>\n<ul>\n<li>\u00a0Pode acelerar o crescimento capilar em at\u00e9 3x mais<\/li>\n<li>\u00a0Auxilia na redu\u00e7\u00e3o de at\u00e9 90% da queda dos fios<\/li>\n<li>\u00a0Fortalece os fios, diminuindo a quebra<\/li>\n<li>\u00a0Aumenta a resist\u00eancia das unhas<\/li>\n<li>\u00a0Estimula o crescimento das unhas<\/li>\n<li>\u00a0Contribui para o aumento do brilho intenso no cabelo<\/li>\n<\/ul>\n<p>&nbsp;<\/p>\n<p>Veja as necessidades dos nossos clientes e entenda como funciona os principais ativos:<\/p>\n<p><strong>Quero ter a pele mais sedosa, o cabelo mais saud\u00e1vel e com crescimento regular!<\/strong><\/p>\n<p>Benef\u00edcios da BIOTINA: A biotina \u00e9 uma vitamina essencial do complexo B, tamb\u00e9m conhecida com vitamina B7 ou H, que desempenham diversas fun\u00e7\u00f5es no organismo, ajudando a manter a sa\u00fade da pele e cabelo.<\/p>\n<p>&nbsp;<\/p>\n<p><strong>Quero cabelos mais fortes e resistentes!<\/strong><\/p>\n<p>Benef\u00edcios do ZINCO: O mineral otimiza a metaboliza\u00e7\u00e3o de vitaminas e prote\u00ednas que s\u00e3o essenciais para o crescimento dos cabelos. A defici\u00eancia de Zinco pode enfraquecer o cabelo e desacelerar o crescimento.<\/p>\n<p>Quero diminuir a queda do cabelo e acentuar o brilho, crescimento e fortalecimentos dos fios!<\/p>\n<p>Benef\u00edcios da NIACINA: Niacina \u00e9 a vitamina B3 e atua na nutri\u00e7\u00e3o do couro cabeludo e estimula o crescimento saud\u00e1vel dos fios. Ela age diretamente na preven\u00e7\u00e3o de queda capilar e no fortalecimento do cabelo. Em casos de defici\u00eancia da vitamina B3 na alimenta\u00e7\u00e3o, as madeixas podem perder o brilho e a maciez.<\/p>\n<p>&nbsp;<\/p>\n<p>Al\u00e9m dos ativos citados acima, o suplemento alimentar de vitaminas e minerais ainda cont\u00e9m as Vitaminas A, C, D, E, B1, B2, B6 e B12. Que auxiliam diretamente na manuten\u00e7\u00e3o da pele, mucosas e do cabelo. Cont\u00e9m tamb\u00e9m o Cobre que contribui ricamente para a pigmenta\u00e7\u00e3o do cabelo e da pele.<\/p>\n<p>N\u00e3o perca tempo e garanta j\u00e1 o seu KIT com 90 c\u00e1psulas. Dividido em 3 potes, com recomenda\u00e7\u00e3o para consumir durante 3 meses (90 dias).<\/p>\n<p>Basta tomar 1 C\u00c1PSULA por dia (junto a principal refei\u00e7\u00e3o do dia ou antes de dormir).<\/p>\n<p>&nbsp;<\/p>\n<p><strong>O KIT 100Timetros, da FASHION GOLD, foi criado para garantir a suplementa\u00e7\u00e3o de um mix exclusivo de vitaminas e minerais importantes ao organismo.<\/strong><\/p>\n<p>&nbsp;<\/p>\n<p><em><strong>Advert\u00eancias:\u00a0<\/strong><\/em><\/p>\n<p>GESTANTES, LACTANTES E CRIAN\u00c7AS DE AT\u00c9 3 ANOS, SOMENTE DEVEM CONSUMIR ESTE PRODUTO SOB ORIENTA\u00c7\u00c3O DE NUTRICIONISTA OU M\u00c9DICO.<\/p>\n<p>ESTE PRODUTO N\u00c3O \u00c9 UM MEDICAMENTO.<\/p>\n<p>N\u00c3O EXCEDER A RECOMENDA\u00c7\u00c3O DI\u00c1RIA DE CONSUMO INDICADA NA EMBALAGEM. MANTENHA FORA DO ALCANCE DAS CRIAN\u00c7AS.<\/p>\n<p>&nbsp;<\/p>\n<p><strong>REGISTRO NO M.S.<\/strong><\/p>\n<p><strong>Produto Isento de Registro conforme RDC ANVISA N\u00ba 240\/2018.<\/strong><\/p>\n","protected":false},"excerpt":{"rendered":"<p><b>Kit 100timetros &#8211; 90 capsulas &#8211; Vitamina Capilar <\/b><\/p>\n<p>A linha 100Timetros \u00e9 \u00fanica e exclusiva.<\/p>\n<p>Sua f\u00f3rmula natural \u00e9 rica em nutrientes fundamentais para o corpo e contribui para diversos benef\u00edcios e manuten\u00e7\u00e3o do cabelo, pele e das mucosas.<\/p>\n<p>A suplementa\u00e7\u00e3o rep\u00f5e car\u00eancias que o organismo pode ter naturalmente e garante o equil\u00edbrio de diversas funcionalidades do corpo. E pode ficar despreocupada, as c\u00e1psulas 100Timetros n\u00e3o engordam, n\u00e3o possui efeitos colaterais, n\u00e3o atuam em n\u00edveis hormonais e n\u00e3o s\u00e3o um medicamento.<\/p>\n<p>Para acompanhar o crescimento do seu cabelo, o KIT 100Timetros cont\u00e9m uma Exclusiva Fita M\u00e9trica (100 cent\u00edmetros) que voc\u00ea poder\u00e1 utilizar para comprovar o aceleramento do crescimento dos fios.<\/p>\n<p>Principais Benef\u00edcios:<\/p>\n<p>&nbsp;<\/p>\n<ul>\n<li>\u00a0Pode acelerar o crescimento capilar em at\u00e9 3x mais<\/li>\n<li>\u00a0Auxilia na redu\u00e7\u00e3o de at\u00e9 90% da queda dos fios<\/li>\n<li>\u00a0Fortalece os fios, diminuindo a quebra<\/li>\n<li>\u00a0Aumenta a resist\u00eancia das unhas<\/li>\n<li>\u00a0Estimula o crescimento das unhas<\/li>\n<li>\u00a0Contribui para o aumento do brilho intenso no cabelo<\/li>\n<\/ul>\n<p>&nbsp;<\/p>\n<p>Veja as necessidades dos nossos clientes e entenda como funciona os principais ativos:<\/p>\n<p><strong>Quero ter a pele mais sedosa, o cabelo mais saud\u00e1vel e com crescimento regular!<\/strong><\/p>\n<p>Benef\u00edcios da BIOTINA: A biotina \u00e9 uma vitamina essencial do complexo B, tamb\u00e9m conhecida com vitamina B7 ou H, que desempenham diversas fun\u00e7\u00f5es no organismo, ajudando a manter a sa\u00fade da pele e cabelo.<\/p>\n<p>&nbsp;<\/p>\n<p><strong>Quero cabelos mais fortes e resistentes!<\/strong><\/p>\n<p>Benef\u00edcios do ZINCO: O mineral otimiza a metaboliza\u00e7\u00e3o de vitaminas e prote\u00ednas que s\u00e3o essenciais para o crescimento dos cabelos. A defici\u00eancia de Zinco pode enfraquecer o cabelo e desacelerar o crescimento.<\/p>\n<p>Quero diminuir a queda do cabelo e acentuar o brilho, crescimento e fortalecimentos dos fios!<\/p>\n<p>Benef\u00edcios da NIACINA: Niacina \u00e9 a vitamina B3 e atua na nutri\u00e7\u00e3o do couro cabeludo e estimula o crescimento saud\u00e1vel dos fios. Ela age diretamente na preven\u00e7\u00e3o de queda capilar e no fortalecimento do cabelo. Em casos de defici\u00eancia da vitamina B3 na alimenta\u00e7\u00e3o, as madeixas podem perder o brilho e a maciez.<\/p>\n<p>&nbsp;<\/p>\n<p>Al\u00e9m dos ativos citados acima, o suplemento alimentar de vitaminas e minerais ainda cont\u00e9m as Vitaminas A, C, D, E, B1, B2, B6 e B12. Que auxiliam diretamente na manuten\u00e7\u00e3o da pele, mucosas e do cabelo. Cont\u00e9m tamb\u00e9m o Cobre que contribui ricamente para a pigmenta\u00e7\u00e3o do cabelo e da pele.<\/p>\n<p>N\u00e3o perca tempo e garanta j\u00e1 o seu KIT com 90 c\u00e1psulas. Dividido em 3 potes, com recomenda\u00e7\u00e3o para consumir durante 3 meses (90 dias).<\/p>\n<p>Basta tomar 1 C\u00c1PSULA por dia (junto a principal refei\u00e7\u00e3o do dia ou antes de dormir).<\/p>\n<p>&nbsp;<\/p>\n<p><strong>O KIT 100Timetros, da FASHION GOLD, foi criado para garantir a suplementa\u00e7\u00e3o de um mix exclusivo de vitaminas e minerais importantes ao organismo.<\/strong><\/p>\n<p>&nbsp;<\/p>\n<p><em><strong>Advert\u00eancias:\u00a0<\/strong><\/em><\/p>\n<p>GESTANTES, LACTANTES E CRIAN\u00c7AS DE AT\u00c9 3 ANOS, SOMENTE DEVEM CONSUMIR ESTE PRODUTO SOB ORIENTA\u00c7\u00c3O DE NUTRICIONISTA OU M\u00c9DICO.<\/p>\n<p>ESTE PRODUTO N\u00c3O \u00c9 UM MEDICAMENTO.<\/p>\n<p>N\u00c3O EXCEDER A RECOMENDA\u00c7\u00c3O DI\u00c1RIA DE CONSUMO INDICADA NA EMBALAGEM. MANTENHA FORA DO ALCANCE DAS CRIAN\u00c7AS.<\/p>\n<p>&nbsp;<\/p>\n<p><strong>REGISTRO NO M.S.<\/strong><\/p>\n<p><strong>Produto Isento de Registro conforme RDC ANVISA N\u00ba 240\/2018.<\/strong><\/p>\n","protected":false},"featured_media":51,"comment_status":"closed","ping_status":"closed","template":"","meta":[],"product_brand":[],"product_cat":[28,29,26],"product_tag":[27],"class_list":{"0":"post-21","1":"product","2":"type-product","3":"status-publish","4":"has-post-thumbnail","6":"product_cat-controle-de-queda","7":"product_cat-crescimento-capilar","8":"product_cat-ybera-paris","9":"product_tag-catalogo","11":"first","12":"instock","13":"sale","14":"shipping-taxable","15":"product-type-external"},"_links":{"self":[{"href":"https:\/\/fashiondescontos.com\/index.php\/wp-json\/wp\/v2\/product\/21","targetHints":{"allow":["GET"]}}],"collection":[{"href":"https:\/\/fashiondescontos.com\/index.php\/wp-json\/wp\/v2\/product"}],"about":[{"href":"https:\/\/fashiondescontos.com\/index.php\/wp-json\/wp\/v2\/types\/product"}],"replies":[{"embeddable":true,"href":"https:\/\/fashiondescontos.com\/index.php\/wp-json\/wp\/v2\/comments?post=21"}],"wp:featuredmedia":[{"embeddable":true,"href":"https:\/\/fashiondescontos.com\/index.php\/wp-json\/wp\/v2\/media\/51"}],"wp:attachment":[{"href":"https:\/\/fashiondescontos.com\/index.php\/wp-json\/wp\/v2\/media?parent=21"}],"wp:term":[{"taxonomy":"product_brand","embeddable":true,"href":"https:\/\/fashiondescontos.com\/index.php\/wp-json\/wp\/v2\/product_brand?post=21"},{"taxonomy":"product_cat","embeddable":true,"href":"https:\/\/fashiondescontos.com\/index.php\/wp-json\/wp\/v2\/product_cat?post=21"},{"taxonomy":"product_tag","embeddable":true,"href":"https:\/\/fashiondescontos.com\/index.php\/wp-json\/wp\/v2\/product_tag?post=21"}],"curies":[{"name":"wp","href":"https:\/\/api.w.org\/{rel}","templated":true}]}}