{"id":22,"date":"2023-11-21T17:00:52","date_gmt":"2023-11-21T20:00:52","guid":{"rendered":"https:\/\/fashiondescontos.com\/?post_type=product&#038;p=22"},"modified":"2024-05-10T10:54:12","modified_gmt":"2024-05-10T13:54:12","slug":"shampoo-mascara-fashion-gold-500ml-500g","status":"publish","type":"product","link":"https:\/\/fashiondescontos.com\/index.php\/produto\/shampoo-mascara-fashion-gold-500ml-500g\/","title":{"rendered":"Shampoo + M\u00e1scara &#8211; Fashion Gold 500ml \/ 500g"},"content":{"rendered":"<p><strong>Shampoo + M\u00e1scara &#8211; Fashion Gold 500ml \/ 500g<\/strong><\/p>\n<p>Tratamento completo para cabelos com progressiva!<\/p>\n<p>O SHAMPOO P\u00d3S PROGRESSIVA FASHION GOLD prolonga o efeito do alisamento e preserva o brilho e a hidrata\u00e7\u00e3o natural dos fios.<\/p>\n<p>A M\u00c1SCARA 2 EM 1 \u00e9 capaz de condicionar e hidratar ao mesmo tempo. Proporcionando um efeito \u00fanico, deixando seu cabelo com balan\u00e7o e naturalidade.<\/p>\n<p>Sua exclusiva tecnologia prolonga o efeito obtido pela escova progressiva, deixando o cabelo liso por muito mais tempo.<\/p>\n<p>Um shampoo convencional tende a retirar at\u00e9 5x mais r\u00e1pido o efeito do alisamento, al\u00e9m de deixar o cabelo ressecado e sem brilho.<\/p>\n<p>J\u00e1 o SHAMPOO FASHION GOLD foi elaborado com a mais alta tecnologia para manter as escamas do cabelo (cut\u00edculas capilares) fechadas, evitando a oxida\u00e7\u00e3o e perda dos ativos que mant\u00e9m o cabelo liso e nutrido. Sua exclusiva formula\u00e7\u00e3o limpa sem danificar os fios, promovendo uma hidrata\u00e7\u00e3o profunda e tratamento intenso. Sua f\u00f3rmula concentrada proporciona maior rendimento, possibilitando um n\u00famero muito maior de lavagens do que outros shampoos tradicionais.<\/p>\n<p>&nbsp;<\/p>\n<p>A M\u00c1SCARA 2 EM 1 dispensa o uso de condicionador, pois seu PH equilibrado hidrata ao mesmo tempo que mant\u00e9m a cut\u00edcula dos fios fechadas, preservando o alisamento por muito mais tempo. Pode ser usada diariamente. N\u00e3o aumenta a oleosidade natural dos fios e n\u00e3o deixa o asp\u00e9cto de \u201cpesado\u201d.<\/p>\n<p>&nbsp;<\/p>\n<p>Recomendado para todo o tipo de cabelo e compat\u00edvel com todas as qu\u00edmicas do mercado. N\u00e3o altera a cor dos fios. Pode ser usado diariamente.<\/p>\n<p>Especialmente indicado para quem usa a Escova Progressiva FASHION GOLD.<\/p>\n<p>Este produto n\u00e3o alisa o cabelo, apenas prolonga o efeito obtido com a escova progressiva.<\/p>\n<p><b>Este an\u00fancio cont\u00e9m:<\/b><\/p>\n<p>01 FASHION GOLD &#8211; MASCARA 2 EM 1<\/p>\n<p>N\u00famero Processo &#8211; ANVISA: 25351.873929\/2020-53<\/p>\n<p>01 FASHION GOLD &#8211; SHAMPOO PROLONGADOR DE LISOS<\/p>\n<p>N\u00famero Processo &#8211; ANVISA: 25351.873820\/2020-16<\/p>\n","protected":false},"excerpt":{"rendered":"<p><strong>Shampoo + M\u00e1scara &#8211; Fashion Gold 500ml \/ 500g<\/strong><\/p>\n<p>Tratamento completo para cabelos com progressiva!<\/p>\n<p>O SHAMPOO P\u00d3S PROGRESSIVA FASHION GOLD prolonga o efeito do alisamento e preserva o brilho e a hidrata\u00e7\u00e3o natural dos fios.<\/p>\n<p>A M\u00c1SCARA 2 EM 1 \u00e9 capaz de condicionar e hidratar ao mesmo tempo. Proporcionando um efeito \u00fanico, deixando seu cabelo com balan\u00e7o e naturalidade.<\/p>\n<p>Sua exclusiva tecnologia prolonga o efeito obtido pela escova progressiva, deixando o cabelo liso por muito mais tempo.<\/p>\n<p>Um shampoo convencional tende a retirar at\u00e9 5x mais r\u00e1pido o efeito do alisamento, al\u00e9m de deixar o cabelo ressecado e sem brilho.<\/p>\n<p>J\u00e1 o SHAMPOO FASHION GOLD foi elaborado com a mais alta tecnologia para manter as escamas do cabelo (cut\u00edculas capilares) fechadas, evitando a oxida\u00e7\u00e3o e perda dos ativos que mant\u00e9m o cabelo liso e nutrido. Sua exclusiva formula\u00e7\u00e3o limpa sem danificar os fios, promovendo uma hidrata\u00e7\u00e3o profunda e tratamento intenso. Sua f\u00f3rmula concentrada proporciona maior rendimento, possibilitando um n\u00famero muito maior de lavagens do que outros shampoos tradicionais.<\/p>\n<p>&nbsp;<\/p>\n<p>A M\u00c1SCARA 2 EM 1 dispensa o uso de condicionador, pois seu PH equilibrado hidrata ao mesmo tempo que mant\u00e9m a cut\u00edcula dos fios fechadas, preservando o alisamento por muito mais tempo. Pode ser usada diariamente. N\u00e3o aumenta a oleosidade natural dos fios e n\u00e3o deixa o asp\u00e9cto de \u201cpesado\u201d.<\/p>\n<p>&nbsp;<\/p>\n<p>Recomendado para todo o tipo de cabelo e compat\u00edvel com todas as qu\u00edmicas do mercado. N\u00e3o altera a cor dos fios. Pode ser usado diariamente.<\/p>\n<p>Especialmente indicado para quem usa a Escova Progressiva FASHION GOLD.<\/p>\n<p>Este produto n\u00e3o alisa o cabelo, apenas prolonga o efeito obtido com a escova progressiva.<\/p>\n<p><b>Este an\u00fancio cont\u00e9m:<\/b><\/p>\n<p>01 FASHION GOLD &#8211; MASCARA 2 EM 1<\/p>\n<p>N\u00famero Processo &#8211; ANVISA: 25351.873929\/2020-53<\/p>\n<p>01 FASHION GOLD &#8211; SHAMPOO PROLONGADOR DE LISOS<\/p>\n<p>N\u00famero Processo &#8211; ANVISA: 25351.873820\/2020-16<\/p>\n","protected":false},"featured_media":52,"comment_status":"closed","ping_status":"closed","template":"","meta":[],"product_brand":[],"product_cat":[23,26],"product_tag":[27],"class_list":{"0":"post-22","1":"product","2":"type-product","3":"status-publish","4":"has-post-thumbnail","6":"product_cat-hidratacao","7":"product_cat-ybera-paris","8":"product_tag-catalogo","10":"first","11":"instock","12":"sale","13":"shipping-taxable","14":"product-type-external"},"_links":{"self":[{"href":"https:\/\/fashiondescontos.com\/index.php\/wp-json\/wp\/v2\/product\/22","targetHints":{"allow":["GET"]}}],"collection":[{"href":"https:\/\/fashiondescontos.com\/index.php\/wp-json\/wp\/v2\/product"}],"about":[{"href":"https:\/\/fashiondescontos.com\/index.php\/wp-json\/wp\/v2\/types\/product"}],"replies":[{"embeddable":true,"href":"https:\/\/fashiondescontos.com\/index.php\/wp-json\/wp\/v2\/comments?post=22"}],"wp:featuredmedia":[{"embeddable":true,"href":"https:\/\/fashiondescontos.com\/index.php\/wp-json\/wp\/v2\/media\/52"}],"wp:attachment":[{"href":"https:\/\/fashiondescontos.com\/index.php\/wp-json\/wp\/v2\/media?parent=22"}],"wp:term":[{"taxonomy":"product_brand","embeddable":true,"href":"https:\/\/fashiondescontos.com\/index.php\/wp-json\/wp\/v2\/product_brand?post=22"},{"taxonomy":"product_cat","embeddable":true,"href":"https:\/\/fashiondescontos.com\/index.php\/wp-json\/wp\/v2\/product_cat?post=22"},{"taxonomy":"product_tag","embeddable":true,"href":"https:\/\/fashiondescontos.com\/index.php\/wp-json\/wp\/v2\/product_tag?post=22"}],"curies":[{"name":"wp","href":"https:\/\/api.w.org\/{rel}","templated":true}]}}