{"id":226,"date":"2024-02-08T17:35:34","date_gmt":"2024-02-08T20:35:34","guid":{"rendered":"https:\/\/fashiondescontos.com\/?post_type=product&#038;p=226"},"modified":"2024-05-10T10:54:13","modified_gmt":"2024-05-10T13:54:13","slug":"kit-new-cronograma-capilar-fashion-gold-2","status":"publish","type":"product","link":"https:\/\/fashiondescontos.com\/index.php\/produto\/kit-new-cronograma-capilar-fashion-gold-2\/","title":{"rendered":"Kit New Cronograma Capilar &#8211; Fashion Gold"},"content":{"rendered":"<p><strong>CROGRAMA CAPILAR FASHION GOLD<\/strong><\/p>\n<p>Ter um cabelo TRATADO, NUTRIDO e RECONSTRU\u00cdDO nunca foi t\u00e3o f\u00e1cil!<\/p>\n<p>O Kit Cronograma Capilar FASHION GOLD foi elaborado com a mais alta tecnologia para proporcionar resultados surpreendentes desde a primeira aplica\u00e7\u00e3o.<\/p>\n<p>Sua exclusiva tecnologia OrthoReconstrutor\u00ae tem alta performance em todas as camadas do fio, realizando um tratamento completo devolvendo ao cabelo sua resist\u00eancia, elasticidade e naturalidade.<\/p>\n<p>Por que Cronograma Capilar?<\/p>\n<p>O Cronograma Capilar \u00e9 uma agenda de tratamentos que se intercalam durante as lavagens dos fios, cada etapa com um foco espec\u00edfico visando um benef\u00edcio para o cabelo, sendo eles:<\/p>\n<p>Hidrata\u00e7\u00e3o, Nutri\u00e7\u00e3o e Reconstru\u00e7\u00e3o<\/p>\n<p>Diferentemente das op\u00e7\u00f5es do mercado, o KIT CRONOGRAMA CAPILAR FASHION GOLD \u00e9 o \u00fanico que trata o cabelo de dentro para fora. Suas 3 etapas s\u00e3o capazes de reestruturar a MEDULA, o C\u00d3RTEX e as CUT\u00cdCULAS dos fios.<\/p>\n<p>Entenda cada etapa e seus diferenciais exclusivos:<\/p>\n<p><!--more--><\/p>\n<p>ETAPA 1: MEDULA<\/p>\n<p>A Medula \u00e9 a camada central do cabelo que d\u00e1 sustenta\u00e7\u00e3o \u00e0 estrutura do fio. \u00c9 uma camada de c\u00e9lulas provenientes do c\u00f3rtex e que j\u00e1 n\u00e3o cont\u00e9m \u00e1gua em seu interior. Quando fragilizada por qu\u00edmicas ou outros desgastes, o cabelo perde resist\u00eancia e tem mais facilidade para quebrar e cair. Al\u00e9m de deixar o cabelo desestruturado para receber outros procedimentos qu\u00edmicos, como colora\u00e7\u00e3o, descolora\u00e7\u00e3o, escova progressiva etc.<\/p>\n<p>Com alta concentra\u00e7\u00e3o de Queratina e Amino\u00e1cidos Vegetais, o #CRONOGRAMACAPILAR FASHION GOLD regenera e reestrutura a MEDULA do cabelo, devolvendo a vitalidade para esta parte essencial para a sa\u00fade dos fios. Fixando os nutrientes atrav\u00e9s de sua exclusiva tecnologia OrthoReconstrutor\u00ae.<\/p>\n<p>A\u00e7\u00e3o Instant\u00e2nea: Benef\u00edcios Imediatos<\/p>\n<p>ETAPA 2: C\u00d3RTEX<\/p>\n<p>O C\u00f3rtex \u00e9 a segunda e principal camada do fio de cabelo. Ela concentra altos n\u00edveis de hidrog\u00eanio e oxig\u00eanio que s\u00e3o respons\u00e1veis pela hidrata\u00e7\u00e3o interna do fio. Tamb\u00e9m \u00e9 a respons\u00e1vel pela reten\u00e7\u00e3o de queratina definindo a elasticidade e resist\u00eancia dos fios.<\/p>\n<p>Quando o c\u00f3rtex do cabelo est\u00e1 desestruturado ou danificado por qu\u00edmicas e outros fatores \u00e9 imposs\u00edvel ter um cabelo bonito, sedoso e saud\u00e1vel.<\/p>\n<p>Com sua f\u00f3rmula rica em Amino\u00e1cidos e Ceramidas Vegetais, o #CRONOGRAMACAPILAR FASHION GOLD regenera e reestrutura o C\u00d3RTEX do cabelo, recuperando a massa proteica dos fios. Dando substantividade e fortalecendo o cabelo atrav\u00e9s de sua exclusiva tecnologia OrthoReconstrutor\u00ae que equilibra a elasticidade dos fios gerando um poderoso efeito anti-frizz.<\/p>\n<p>A\u00e7\u00e3o Instant\u00e2nea: Benef\u00edcios Imediatos<\/p>\n<p>ETAPA 3: CUT\u00cdCULA<\/p>\n<p>A Cut\u00edcula \u00e9 a parte externa do fio, formada por escamas sobrepostas que juntas d\u00e3o uma prote\u00e7\u00e3o para o fio. A cut\u00edcula \u00e9 resistente \u00e0s a\u00e7\u00f5es externas (f\u00edsicas e qu\u00edmicas) que o cabelo sofre. Quando em contato com qu\u00edmicas fortes ela perde sua for\u00e7a natural, deixando o fio fragilizado e sem brilho. Quando as cut\u00edculas do cabelo est\u00e3o danificadas, aumenta significativamente o frizz, dificulta a penteabilidade dos fios e o alinhamento natural, deixando o cabelo sem balan\u00e7o e vitalidade.<\/p>\n<p>Com exclusiva tecnologia OrthoReconstrutor\u00ae, o #CRONOGRAMACAPILAR FASHION GOLD regenera e reestrutura a CUT\u00cdCULA do cabelo, deixando os fios com aspecto hidratado, brilho intenso e naturalidade.<\/p>\n<p>A\u00e7\u00e3o Instant\u00e2nea: Benef\u00edcios Imediatos<\/p>\n<p>Al\u00e9m de todos estes benef\u00edcios, conhe\u00e7a agora mais um motivo para voc\u00ea se apaixonar pelo #CRONOGRAMACAPILAR FASHION GOLD<\/p>\n<p>Sua f\u00f3rmula de alta performance e efic\u00e1cia instant\u00e2nea evita o t\u00e3o prejudicial \u201cEfeito Build Up\u201d. Que \u00e9 o ac\u00famulo de res\u00edduos de produtos na fibra capilar, que deixa os fios pesados, opacos, sem movimento, com aquele aspecto de \u201ccabelo sujo\u201d. Isso acontece quando usamos os mesmos produtos por muito tempo ou quando fazemos sempre os mesmos tipos de tratamentos, como a hidrata\u00e7\u00e3o, por exemplo.<\/p>\n<p>Desta forma voc\u00ea pode introduzir as 3 ETAPAS do #CRONOGRAMACAPILAR FASHION GOLD em sua manuten\u00e7\u00e3o di\u00e1ria das madeixas, sem se preocupar com efeitos cumulativos indesejados.<\/p>\n<p>Passo a Passo Recomendado:<\/p>\n<p><img decoding=\"async\" src=\"https:\/\/static3.tcdn.com.br\/img\/editor\/up\/789677\/PASSO_A_PASSO.png\" alt=\"\" \/><\/p>\n<p>Voc\u00ea ainda poder\u00e1 adaptar o passo a passo de acordo com suas necessidades!<\/p>\n<p>N\u00e3o fique de fora e conquiste o cabelo hidratado, nutrido e reconstru\u00eddo como nunca antes.<\/p>\n","protected":false},"excerpt":{"rendered":"<p><strong>CROGRAMA CAPILAR FASHION GOLD<\/strong><\/p>\n<p>Ter um cabelo TRATADO, NUTRIDO e RECONSTRU\u00cdDO nunca foi t\u00e3o f\u00e1cil!<\/p>\n<p>O Kit Cronograma Capilar FASHION GOLD foi elaborado com a mais alta tecnologia para proporcionar resultados surpreendentes desde a primeira aplica\u00e7\u00e3o.<\/p>\n<p>Sua exclusiva tecnologia OrthoReconstrutor\u00ae tem alta performance em todas as camadas do fio, realizando um tratamento completo devolvendo ao cabelo sua resist\u00eancia, elasticidade e naturalidade.<\/p>\n<p>Por que Cronograma Capilar?<\/p>\n<p>O Cronograma Capilar \u00e9 uma agenda de tratamentos que se intercalam durante as lavagens dos fios, cada etapa com um foco espec\u00edfico visando um benef\u00edcio para o cabelo, sendo eles:<\/p>\n<p>Hidrata\u00e7\u00e3o, Nutri\u00e7\u00e3o e Reconstru\u00e7\u00e3o<\/p>\n<p>Diferentemente das op\u00e7\u00f5es do mercado, o KIT CRONOGRAMA CAPILAR FASHION GOLD \u00e9 o \u00fanico que trata o cabelo de dentro para fora. Suas 3 etapas s\u00e3o capazes de reestruturar a MEDULA, o C\u00d3RTEX e as CUT\u00cdCULAS dos fios.<\/p>\n<p>Entenda cada etapa e seus diferenciais exclusivos:<\/p>\n<p><!--more-->ETAPA 1: MEDULA<\/p>\n<p>A Medula \u00e9 a camada central do cabelo que d\u00e1 sustenta\u00e7\u00e3o \u00e0 estrutura do fio. \u00c9 uma camada de c\u00e9lulas provenientes do c\u00f3rtex e que j\u00e1 n\u00e3o cont\u00e9m \u00e1gua em seu interior. Quando fragilizada por qu\u00edmicas ou outros desgastes, o cabelo perde resist\u00eancia e tem mais facilidade para quebrar e cair. Al\u00e9m de deixar o cabelo desestruturado para receber outros procedimentos qu\u00edmicos, como colora\u00e7\u00e3o, descolora\u00e7\u00e3o, escova progressiva etc.<\/p>\n<p>Com alta concentra\u00e7\u00e3o de Queratina e Amino\u00e1cidos Vegetais, o #CRONOGRAMACAPILAR FASHION GOLD regenera e reestrutura a MEDULA do cabelo, devolvendo a vitalidade para esta parte essencial para a sa\u00fade dos fios. Fixando os nutrientes atrav\u00e9s de sua exclusiva tecnologia OrthoReconstrutor\u00ae.<\/p>\n<p>A\u00e7\u00e3o Instant\u00e2nea: Benef\u00edcios Imediatos<\/p>\n<p>ETAPA 2: C\u00d3RTEX<\/p>\n<p>O C\u00f3rtex \u00e9 a segunda e principal camada do fio de cabelo. Ela concentra altos n\u00edveis de hidrog\u00eanio e oxig\u00eanio que s\u00e3o respons\u00e1veis pela hidrata\u00e7\u00e3o interna do fio. Tamb\u00e9m \u00e9 a respons\u00e1vel pela reten\u00e7\u00e3o de queratina definindo a elasticidade e resist\u00eancia dos fios.<\/p>\n<p>Quando o c\u00f3rtex do cabelo est\u00e1 desestruturado ou danificado por qu\u00edmicas e outros fatores \u00e9 imposs\u00edvel ter um cabelo bonito, sedoso e saud\u00e1vel.<\/p>\n<p>Com sua f\u00f3rmula rica em Amino\u00e1cidos e Ceramidas Vegetais, o #CRONOGRAMACAPILAR FASHION GOLD regenera e reestrutura o C\u00d3RTEX do cabelo, recuperando a massa proteica dos fios. Dando substantividade e fortalecendo o cabelo atrav\u00e9s de sua exclusiva tecnologia OrthoReconstrutor\u00ae que equilibra a elasticidade dos fios gerando um poderoso efeito anti-frizz.<\/p>\n<p>A\u00e7\u00e3o Instant\u00e2nea: Benef\u00edcios Imediatos<\/p>\n<p>ETAPA 3: CUT\u00cdCULA<\/p>\n<p>A Cut\u00edcula \u00e9 a parte externa do fio, formada por escamas sobrepostas que juntas d\u00e3o uma prote\u00e7\u00e3o para o fio. A cut\u00edcula \u00e9 resistente \u00e0s a\u00e7\u00f5es externas (f\u00edsicas e qu\u00edmicas) que o cabelo sofre. Quando em contato com qu\u00edmicas fortes ela perde sua for\u00e7a natural, deixando o fio fragilizado e sem brilho. Quando as cut\u00edculas do cabelo est\u00e3o danificadas, aumenta significativamente o frizz, dificulta a penteabilidade dos fios e o alinhamento natural, deixando o cabelo sem balan\u00e7o e vitalidade.<\/p>\n<p>Com exclusiva tecnologia OrthoReconstrutor\u00ae, o #CRONOGRAMACAPILAR FASHION GOLD regenera e reestrutura a CUT\u00cdCULA do cabelo, deixando os fios com aspecto hidratado, brilho intenso e naturalidade.<\/p>\n<p>A\u00e7\u00e3o Instant\u00e2nea: Benef\u00edcios Imediatos<\/p>\n<p>Al\u00e9m de todos estes benef\u00edcios, conhe\u00e7a agora mais um motivo para voc\u00ea se apaixonar pelo #CRONOGRAMACAPILAR FASHION GOLD<\/p>\n<p>Sua f\u00f3rmula de alta performance e efic\u00e1cia instant\u00e2nea evita o t\u00e3o prejudicial \u201cEfeito Build Up\u201d. Que \u00e9 o ac\u00famulo de res\u00edduos de produtos na fibra capilar, que deixa os fios pesados, opacos, sem movimento, com aquele aspecto de \u201ccabelo sujo\u201d. Isso acontece quando usamos os mesmos produtos por muito tempo ou quando fazemos sempre os mesmos tipos de tratamentos, como a hidrata\u00e7\u00e3o, por exemplo.<\/p>\n<p>Desta forma voc\u00ea pode introduzir as 3 ETAPAS do #CRONOGRAMACAPILAR FASHION GOLD em sua manuten\u00e7\u00e3o di\u00e1ria das madeixas, sem se preocupar com efeitos cumulativos indesejados.<\/p>\n<p>Passo a Passo Recomendado:<\/p>\n<p><img decoding=\"async\" src=\"https:\/\/static3.tcdn.com.br\/img\/editor\/up\/789677\/PASSO_A_PASSO.png\" alt=\"\" \/><\/p>\n<p>Voc\u00ea ainda poder\u00e1 adaptar o passo a passo de acordo com suas necessidades!<\/p>\n<p>N\u00e3o fique de fora e conquiste o cabelo hidratado, nutrido e reconstru\u00eddo como nunca antes.<\/p>\n","protected":false},"featured_media":50,"comment_status":"closed","ping_status":"closed","template":"","meta":[],"product_brand":[],"product_cat":[34,23,24,25,26],"product_tag":[27],"class_list":{"0":"post-226","1":"product","2":"type-product","3":"status-publish","4":"has-post-thumbnail","6":"product_cat-exportar","7":"product_cat-hidratacao","8":"product_cat-nutricao","9":"product_cat-reconstrucao","10":"product_cat-ybera-paris","11":"product_tag-catalogo","13":"first","14":"instock","15":"sale","16":"featured","17":"shipping-taxable","18":"product-type-external"},"_links":{"self":[{"href":"https:\/\/fashiondescontos.com\/index.php\/wp-json\/wp\/v2\/product\/226","targetHints":{"allow":["GET"]}}],"collection":[{"href":"https:\/\/fashiondescontos.com\/index.php\/wp-json\/wp\/v2\/product"}],"about":[{"href":"https:\/\/fashiondescontos.com\/index.php\/wp-json\/wp\/v2\/types\/product"}],"replies":[{"embeddable":true,"href":"https:\/\/fashiondescontos.com\/index.php\/wp-json\/wp\/v2\/comments?post=226"}],"wp:featuredmedia":[{"embeddable":true,"href":"https:\/\/fashiondescontos.com\/index.php\/wp-json\/wp\/v2\/media\/50"}],"wp:attachment":[{"href":"https:\/\/fashiondescontos.com\/index.php\/wp-json\/wp\/v2\/media?parent=226"}],"wp:term":[{"taxonomy":"product_brand","embeddable":true,"href":"https:\/\/fashiondescontos.com\/index.php\/wp-json\/wp\/v2\/product_brand?post=226"},{"taxonomy":"product_cat","embeddable":true,"href":"https:\/\/fashiondescontos.com\/index.php\/wp-json\/wp\/v2\/product_cat?post=226"},{"taxonomy":"product_tag","embeddable":true,"href":"https:\/\/fashiondescontos.com\/index.php\/wp-json\/wp\/v2\/product_tag?post=226"}],"curies":[{"name":"wp","href":"https:\/\/api.w.org\/{rel}","templated":true}]}}