{"id":227,"date":"2024-02-08T17:35:34","date_gmt":"2024-02-08T20:35:34","guid":{"rendered":"https:\/\/fashiondescontos.com\/?post_type=product&#038;p=227"},"modified":"2024-05-10T10:54:13","modified_gmt":"2024-05-10T13:54:13","slug":"combo-manutencao-completa-pos-progressiva-300ml-250g-fashion-gold-promocao-2","status":"publish","type":"product","link":"https:\/\/fashiondescontos.com\/index.php\/produto\/combo-manutencao-completa-pos-progressiva-300ml-250g-fashion-gold-promocao-2\/","title":{"rendered":"Combo Manuten\u00e7\u00e3o Completa P\u00f3s Progressiva 300ml\/250g Fashion Gold &#8211; Promo\u00e7\u00e3o"},"content":{"rendered":"<div class=\"section-box description\" data-tab-id=\"#descricao\">\n<div class=\"board_htm\">\n<p><strong>Protect Poo Pr\u00e9 Shampoo Fashion Gold 300ml<\/strong><\/p>\n<p>Se as pontas do seu cabelo est\u00e3o ressecadas, danificadas ou t\u00eam qu\u00edmica, \u00e9 poss\u00edvel que, mesmo ap\u00f3s v\u00e1rias lavagens, elas fiquem mais ralas e com um aspecto opaco. Esse problema \u00e9 causado pela a\u00e7\u00e3o dos tensoativos presentes nos shampoos, que podem agredir a fibra capilar.<\/p>\n<p>O PROTECT POO da Fashion Gold foi formulado especificamente para proteger e hidratar antes da lavagem, impedindo que a oleosidade natural dos fios seja eliminada junto com as impurezas do dia a dia.<\/p>\n<p>Com o poder dos \u00f3leos e por possui tecnologia cati\u00f4nica (carregado positivamente), cria uma pel\u00edcula protetora no comprimento dos fios, por\u00e9m sem ocorrer a blindagem, amortecendo o impacto do tensoativo dos shampoos.<\/p>\n<p>Al\u00e9m disso, sua tecnologia impede o t\u00e3o temido efeito acumulativo sobre os fios (efeito build-up), n\u00e3o alterando em nada a performance dos condicionadores e m\u00e1scaras que voc\u00ea utilizar\u00e1 ap\u00f3s o shampoo.<\/p>\n<p>Cabelos sedosos, com brilho intenso, mais f\u00e1ceis de desembara\u00e7ar e pentear, com pontas cheias e sem pontas duplas s\u00e3o alguns dos principais benef\u00edcios do PROTECT POO FASHION GOLD.<\/p>\n<p>Com os seus ativos emolientes somados ao \u00f3leo de baob\u00e1 e \u00f3leo de karit\u00e9, criam uma abarreira lip\u00eddica protetora das cut\u00edculas para receber o shampoo. O resultado \u00e9 um cabelo limpo e extremamente hidratado, livre de embara\u00e7os.<\/p>\n<p>Modo de uso: Aplique o PROTECT POO prote\u00e7\u00e3o lip\u00eddica nos cabelos secos respeitando a dist\u00e2ncia de 10 cm do couro cabeludo at\u00e9 as pontas dos fios. Deixe agir por 2 minutos. Enx\u00e1gue e inicie o processo de lavagem dos cabelos com o shampoo p\u00f3s-progressiva Fashion Gold.<\/p>\n<p>&nbsp;<\/p>\n<p><strong>Shampoo P\u00f3s Progressiva Fashion Gold 300ml<\/strong><\/p>\n<p>Agora \u00e9 poss\u00edvel ter um cabelo liso e saud\u00e1vel por muito mais tempo!<\/p>\n<p>O SHAMPOO P\u00d3S PROGRESSIVA FASHION GOLD prolonga o efeito do alisamento e preserva o brilho e a hidrata\u00e7\u00e3o natural dos fios.<\/p>\n<p>Um shampoo convencional tende a retirar at\u00e9 5x mais r\u00e1pido o efeito do alisamento, al\u00e9m de deixar o cabelo ressecado e sem brilho.<\/p>\n<p>J\u00e1 o SHAMPOO FASHION GOLD foi elaborado com a mais alta tecnologia para manter as escamas do cabelo (cut\u00edculas capilares) fechadas, evitando a oxida\u00e7\u00e3o e perda dos ativos que mant\u00e9m o cabelo liso e nutrido. Sua exclusiva formula\u00e7\u00e3o limpa sem danificar os fios, promovendo uma hidrata\u00e7\u00e3o profunda e tratamento intenso. Sua f\u00f3rmula concentrada proporciona maior rendimento, possibilitando um n\u00famero muito maior de lavagens do que outros shampoos tradicionais.<\/p>\n<p>Recomendado para todo o tipo de cabelo e compat\u00edvel com todas as qu\u00edmicas do mercado. N\u00e3o altera a cor dos fios. Pode ser usado diariamente.<\/p>\n<p>Especialmente indicado para quem usa a Escova Progressiva FASHION GOLD.<\/p>\n<p>Este produto n\u00e3o alisa o cabelo, apenas prolonga o efeito obtido com a escova progressiva.<\/p>\n<p>pH: 7,0<\/p>\n<p>&nbsp;<\/p>\n<p><strong>M\u00e1scara 2 em 1 P\u00f3s Progressiva Fashion Gold 250g<\/strong><\/p>\n<p>Realize o sonho do cabelo liso e altamente hidratado, com brilho intenso e naturalidade!<\/p>\n<p>A M\u00c1SCARA 2 EM 1 \u00e9 capaz de condicionar e hidratar ao mesmo tempo. Proporcionando um efeito \u00fanico, deixando seu cabelo com balan\u00e7o e naturalidade.<\/p>\n<p>Sua exclusiva tecnologia prolonga o efeito obtido pela escova progressiva, deixando o cabelo liso por muito mais tempo.<\/p>\n<p>Dispensa o uso de condicionador, pois seu PH equilibrado hidrata ao mesmo tempo que mant\u00e9m a cut\u00edcula dos fios fechadas, preservando o alisamento por muito mais tempo.<\/p>\n<p>Pode ser usada diariamente. N\u00e3o aumenta a oleosidade natural dos fios e n\u00e3o deixa o aspecto de pesado.<\/p>\n<p>Promove um alinhamento nos fios, diminuindo o frizz e facilitando o penteado ap\u00f3s a lavagem.<\/p>\n<p>Recomendado para todo o tipo de cabelo. Pode ainda servir como m\u00e1scara de hidrata\u00e7\u00e3o profunda, se usado em conjunto com uma touca t\u00e9rmica, deixando agir por 10 a 25 minutos.<\/p>\n<p>Especialmente indicado para quem usa a Escova Progressiva FASHION GOLD.<\/p>\n<p>Este produto n\u00e3o alisa o cabelo, apenas prolonga o efeito obtido com a escova progressiva.<\/p>\n<p>pH: 4,5<\/p>\n<\/div>\n<\/div>\n<div id=\"ficha\" class=\"section-box\"><\/div>\n","protected":false},"excerpt":{"rendered":"<div class=\"section-box description\" data-tab-id=\"#descricao\">\n<div class=\"board_htm\">\n<p><strong>Protect Poo Pr\u00e9 Shampoo Fashion Gold 300ml<\/strong><\/p>\n<p>Se as pontas do seu cabelo est\u00e3o ressecadas, danificadas ou t\u00eam qu\u00edmica, \u00e9 poss\u00edvel que, mesmo ap\u00f3s v\u00e1rias lavagens, elas fiquem mais ralas e com um aspecto opaco. Esse problema \u00e9 causado pela a\u00e7\u00e3o dos tensoativos presentes nos shampoos, que podem agredir a fibra capilar.<\/p>\n<p>O PROTECT POO da Fashion Gold foi formulado especificamente para proteger e hidratar antes da lavagem, impedindo que a oleosidade natural dos fios seja eliminada junto com as impurezas do dia a dia.<\/p>\n<p>Com o poder dos \u00f3leos e por possui tecnologia cati\u00f4nica (carregado positivamente), cria uma pel\u00edcula protetora no comprimento dos fios, por\u00e9m sem ocorrer a blindagem, amortecendo o impacto do tensoativo dos shampoos.<\/p>\n<p>Al\u00e9m disso, sua tecnologia impede o t\u00e3o temido efeito acumulativo sobre os fios (efeito build-up), n\u00e3o alterando em nada a performance dos condicionadores e m\u00e1scaras que voc\u00ea utilizar\u00e1 ap\u00f3s o shampoo.<\/p>\n<p>Cabelos sedosos, com brilho intenso, mais f\u00e1ceis de desembara\u00e7ar e pentear, com pontas cheias e sem pontas duplas s\u00e3o alguns dos principais benef\u00edcios do PROTECT POO FASHION GOLD.<\/p>\n<p>Com os seus ativos emolientes somados ao \u00f3leo de baob\u00e1 e \u00f3leo de karit\u00e9, criam uma abarreira lip\u00eddica protetora das cut\u00edculas para receber o shampoo. O resultado \u00e9 um cabelo limpo e extremamente hidratado, livre de embara\u00e7os.<\/p>\n<p>Modo de uso: Aplique o PROTECT POO prote\u00e7\u00e3o lip\u00eddica nos cabelos secos respeitando a dist\u00e2ncia de 10 cm do couro cabeludo at\u00e9 as pontas dos fios. Deixe agir por 2 minutos. Enx\u00e1gue e inicie o processo de lavagem dos cabelos com o shampoo p\u00f3s-progressiva Fashion Gold.<\/p>\n<p>&nbsp;<\/p>\n<p><strong>Shampoo P\u00f3s Progressiva Fashion Gold 300ml<\/strong><\/p>\n<p>Agora \u00e9 poss\u00edvel ter um cabelo liso e saud\u00e1vel por muito mais tempo!<\/p>\n<p>O SHAMPOO P\u00d3S PROGRESSIVA FASHION GOLD prolonga o efeito do alisamento e preserva o brilho e a hidrata\u00e7\u00e3o natural dos fios.<\/p>\n<p>Um shampoo convencional tende a retirar at\u00e9 5x mais r\u00e1pido o efeito do alisamento, al\u00e9m de deixar o cabelo ressecado e sem brilho.<\/p>\n<p>J\u00e1 o SHAMPOO FASHION GOLD foi elaborado com a mais alta tecnologia para manter as escamas do cabelo (cut\u00edculas capilares) fechadas, evitando a oxida\u00e7\u00e3o e perda dos ativos que mant\u00e9m o cabelo liso e nutrido. Sua exclusiva formula\u00e7\u00e3o limpa sem danificar os fios, promovendo uma hidrata\u00e7\u00e3o profunda e tratamento intenso. Sua f\u00f3rmula concentrada proporciona maior rendimento, possibilitando um n\u00famero muito maior de lavagens do que outros shampoos tradicionais.<\/p>\n<p>Recomendado para todo o tipo de cabelo e compat\u00edvel com todas as qu\u00edmicas do mercado. N\u00e3o altera a cor dos fios. Pode ser usado diariamente.<\/p>\n<p>Especialmente indicado para quem usa a Escova Progressiva FASHION GOLD.<\/p>\n<p>Este produto n\u00e3o alisa o cabelo, apenas prolonga o efeito obtido com a escova progressiva.<\/p>\n<p>pH: 7,0<\/p>\n<p>&nbsp;<\/p>\n<p><strong>M\u00e1scara 2 em 1 P\u00f3s Progressiva Fashion Gold 250g<\/strong><\/p>\n<p>Realize o sonho do cabelo liso e altamente hidratado, com brilho intenso e naturalidade!<\/p>\n<p>A M\u00c1SCARA 2 EM 1 \u00e9 capaz de condicionar e hidratar ao mesmo tempo. Proporcionando um efeito \u00fanico, deixando seu cabelo com balan\u00e7o e naturalidade.<\/p>\n<p>Sua exclusiva tecnologia prolonga o efeito obtido pela escova progressiva, deixando o cabelo liso por muito mais tempo.<\/p>\n<p>Dispensa o uso de condicionador, pois seu PH equilibrado hidrata ao mesmo tempo que mant\u00e9m a cut\u00edcula dos fios fechadas, preservando o alisamento por muito mais tempo.<\/p>\n<p>Pode ser usada diariamente. N\u00e3o aumenta a oleosidade natural dos fios e n\u00e3o deixa o aspecto de pesado.<\/p>\n<p>Promove um alinhamento nos fios, diminuindo o frizz e facilitando o penteado ap\u00f3s a lavagem.<\/p>\n<p>Recomendado para todo o tipo de cabelo. Pode ainda servir como m\u00e1scara de hidrata\u00e7\u00e3o profunda, se usado em conjunto com uma touca t\u00e9rmica, deixando agir por 10 a 25 minutos.<\/p>\n<p>Especialmente indicado para quem usa a Escova Progressiva FASHION GOLD.<\/p>\n<p>Este produto n\u00e3o alisa o cabelo, apenas prolonga o efeito obtido com a escova progressiva.<\/p>\n<p>pH: 4,5<\/p>\n<\/div>\n<\/div>\n<div id=\"ficha\" class=\"section-box\"><\/div>\n","protected":false},"featured_media":256,"comment_status":"closed","ping_status":"closed","template":"","meta":[],"product_brand":[],"product_cat":[34,23,26],"product_tag":[27],"class_list":{"0":"post-227","1":"product","2":"type-product","3":"status-publish","4":"has-post-thumbnail","6":"product_cat-exportar","7":"product_cat-hidratacao","8":"product_cat-ybera-paris","9":"product_tag-catalogo","11":"first","12":"instock","13":"sale","14":"shipping-taxable","15":"product-type-external"},"_links":{"self":[{"href":"https:\/\/fashiondescontos.com\/index.php\/wp-json\/wp\/v2\/product\/227","targetHints":{"allow":["GET"]}}],"collection":[{"href":"https:\/\/fashiondescontos.com\/index.php\/wp-json\/wp\/v2\/product"}],"about":[{"href":"https:\/\/fashiondescontos.com\/index.php\/wp-json\/wp\/v2\/types\/product"}],"replies":[{"embeddable":true,"href":"https:\/\/fashiondescontos.com\/index.php\/wp-json\/wp\/v2\/comments?post=227"}],"wp:featuredmedia":[{"embeddable":true,"href":"https:\/\/fashiondescontos.com\/index.php\/wp-json\/wp\/v2\/media\/256"}],"wp:attachment":[{"href":"https:\/\/fashiondescontos.com\/index.php\/wp-json\/wp\/v2\/media?parent=227"}],"wp:term":[{"taxonomy":"product_brand","embeddable":true,"href":"https:\/\/fashiondescontos.com\/index.php\/wp-json\/wp\/v2\/product_brand?post=227"},{"taxonomy":"product_cat","embeddable":true,"href":"https:\/\/fashiondescontos.com\/index.php\/wp-json\/wp\/v2\/product_cat?post=227"},{"taxonomy":"product_tag","embeddable":true,"href":"https:\/\/fashiondescontos.com\/index.php\/wp-json\/wp\/v2\/product_tag?post=227"}],"curies":[{"name":"wp","href":"https:\/\/api.w.org\/{rel}","templated":true}]}}