{"id":229,"date":"2024-02-08T17:35:34","date_gmt":"2024-02-08T20:35:34","guid":{"rendered":"https:\/\/fashiondescontos.com\/?post_type=product&#038;p=229"},"modified":"2024-10-15T15:38:31","modified_gmt":"2024-10-15T18:38:31","slug":"escova-progressiva-fashion-gold-1kg-black-friday","status":"publish","type":"product","link":"https:\/\/fashiondescontos.com\/index.php\/produto\/escova-progressiva-fashion-gold-1kg-black-friday\/","title":{"rendered":"Escova Progressiva Fashion Gold 1Kg &#8211; Black Friday [Em Breve]"},"content":{"rendered":"<p class=\"Default\"><strong>Fashion Gold com KeraFive\u00b2\u00b2\u00a0<\/strong><\/p>\n<p class=\"Default\">Cabelo com brilho intenso, naturalidade, balan\u00e7o e sem frizz s\u00e3o alguns dos muitos benef\u00edcios da FASHION GOLD.<\/p>\n<p class=\"Default\">Cabelos rebeldes e indisciplinados dificultam muito o dia a dia, sendo dif\u00edcil pentear e controlar o volume. Fashion Gold educa os fios, permitindo que o seu dia a dia seja muito mais simples e descomplicado.<\/p>\n<p class=\"Default\">A Fashion Gold \u00e9 indicada para todos os tipos de cabelos. Sua f\u00f3rmula exclusiva, proporciona um resultado perfeito que voc\u00ea sempre sonhou. Cont\u00e9m \u00f3leo inca e prote\u00edna de quinoa, ativos raros que restauram a sa\u00fade dos fios, hidratam e deixam seu cabelo com um brilho impec\u00e1vel.<\/p>\n<p class=\"Default\">Venha se juntar ao time das apaixonadas por Fashion Gold! E garanta a ORIGINAL, n\u00e3o aceite imita\u00e7\u00f5es.<\/p>\n<p class=\"Default\">Siga o Passo a Passo que ser\u00e1 enviado com o produto para obter sempre os melhores resultados.<\/p>\n<p class=\"Default\">Indica\u00e7\u00e3o: Todos os tipos de cabelos.<\/p>\n<p class=\"Default\">INGREDIENTES: AQUA, CETEARYL ALCOHOL, DIMETHICONE, COCOS NUCIFERA OIL, CETRIMONIUM CHLORIDE, ALCOHOL, PLUKENETIA VOLUBILIS SEED OIL, PARFUM, LACTIC ACID, ETHYL LINOLEATE, ETHYL OLEATE , TREHALOSE, PHENOXYETHANOL, GLYCOLIC ACID, POLYGLYCERYL-10 LAURATE, MAGNESIUM ALUMINUM SILICATE, HYDROXYETHYLCELLULOSE, DISODIUM EDTA, PENTAERYTHRITYL TETRA-DI-T-BUTYL HYDROXYHYDROCINNAMATE, CAPRYLYL GLYCOL, CHENOPODIUM QUINOA SEED EXTRACT, PEG-90M, BEHENTRIMONIUM CHLORIDE, D-LIMONENE, SODIUM ACETATE, CAPRYLIC ACID, PROPYLENE GLYCOL, XYLITOL, LINALOOL, BENZYL ALCOHOL, SODIUM LIGNOSULFONATE, ALPHA-ISOMETHYL IONONE, CELLULOSE, GERANIOL, COUMARIN, CAPRYLIC\/CAPRIC TRIGLYCERIDE, MALIC ACID, POLYGLUTAMIC ACID, CITRAL, POTASSIUM SORBATE, TOCOPHEROL.<\/p>\n","protected":false},"excerpt":{"rendered":"<p class=\"Default\"><strong>Fashion Gold com KeraFive\u00b2\u00b2\u00a0<\/strong><\/p>\n<p class=\"Default\">Cabelo com brilho intenso, naturalidade, balan\u00e7o e sem frizz s\u00e3o alguns dos muitos benef\u00edcios da FASHION GOLD.<\/p>\n<p class=\"Default\">Cabelos rebeldes e indisciplinados dificultam muito o dia a dia, sendo dif\u00edcil pentear e controlar o volume. Fashion Gold educa os fios, permitindo que o seu dia a dia seja muito mais simples e descomplicado.<\/p>\n<p class=\"Default\">A Fashion Gold \u00e9 indicada para todos os tipos de cabelos. Sua f\u00f3rmula exclusiva, proporciona um resultado perfeito que voc\u00ea sempre sonhou. Cont\u00e9m \u00f3leo inca e prote\u00edna de quinoa, ativos raros que restauram a sa\u00fade dos fios, hidratam e deixam seu cabelo com um brilho impec\u00e1vel.<\/p>\n<p class=\"Default\">Venha se juntar ao time das apaixonadas por Fashion Gold! E garanta a ORIGINAL, n\u00e3o aceite imita\u00e7\u00f5es.<\/p>\n<p class=\"Default\">Siga o Passo a Passo que ser\u00e1 enviado com o produto para obter sempre os melhores resultados.<\/p>\n<p class=\"Default\">Indica\u00e7\u00e3o: Todos os tipos de cabelos.<\/p>\n<p class=\"Default\">INGREDIENTES: AQUA, CETEARYL ALCOHOL, DIMETHICONE, COCOS NUCIFERA OIL, CETRIMONIUM CHLORIDE, ALCOHOL, PLUKENETIA VOLUBILIS SEED OIL, PARFUM, LACTIC ACID, ETHYL LINOLEATE, ETHYL OLEATE , TREHALOSE, PHENOXYETHANOL, GLYCOLIC ACID, POLYGLYCERYL-10 LAURATE, MAGNESIUM ALUMINUM SILICATE, HYDROXYETHYLCELLULOSE, DISODIUM EDTA, PENTAERYTHRITYL TETRA-DI-T-BUTYL HYDROXYHYDROCINNAMATE, CAPRYLYL GLYCOL, CHENOPODIUM QUINOA SEED EXTRACT, PEG-90M, BEHENTRIMONIUM CHLORIDE, D-LIMONENE, SODIUM ACETATE, CAPRYLIC ACID, PROPYLENE GLYCOL, XYLITOL, LINALOOL, BENZYL ALCOHOL, SODIUM LIGNOSULFONATE, ALPHA-ISOMETHYL IONONE, CELLULOSE, GERANIOL, COUMARIN, CAPRYLIC\/CAPRIC TRIGLYCERIDE, MALIC ACID, POLYGLUTAMIC ACID, CITRAL, POTASSIUM SORBATE, TOCOPHEROL.<\/p>\n","protected":false},"featured_media":442,"comment_status":"closed","ping_status":"closed","template":"","meta":[],"product_brand":[],"product_cat":[16,32,34,26],"product_tag":[33],"class_list":{"0":"post-229","1":"product","2":"type-product","3":"status-publish","4":"has-post-thumbnail","6":"product_cat-alisamento","7":"product_cat-black-friday","8":"product_cat-exportar","9":"product_cat-ybera-paris","10":"product_tag-alisamento","12":"first","13":"instock","14":"shipping-taxable","15":"product-type-external"},"_links":{"self":[{"href":"https:\/\/fashiondescontos.com\/index.php\/wp-json\/wp\/v2\/product\/229","targetHints":{"allow":["GET"]}}],"collection":[{"href":"https:\/\/fashiondescontos.com\/index.php\/wp-json\/wp\/v2\/product"}],"about":[{"href":"https:\/\/fashiondescontos.com\/index.php\/wp-json\/wp\/v2\/types\/product"}],"replies":[{"embeddable":true,"href":"https:\/\/fashiondescontos.com\/index.php\/wp-json\/wp\/v2\/comments?post=229"}],"wp:featuredmedia":[{"embeddable":true,"href":"https:\/\/fashiondescontos.com\/index.php\/wp-json\/wp\/v2\/media\/442"}],"wp:attachment":[{"href":"https:\/\/fashiondescontos.com\/index.php\/wp-json\/wp\/v2\/media?parent=229"}],"wp:term":[{"taxonomy":"product_brand","embeddable":true,"href":"https:\/\/fashiondescontos.com\/index.php\/wp-json\/wp\/v2\/product_brand?post=229"},{"taxonomy":"product_cat","embeddable":true,"href":"https:\/\/fashiondescontos.com\/index.php\/wp-json\/wp\/v2\/product_cat?post=229"},{"taxonomy":"product_tag","embeddable":true,"href":"https:\/\/fashiondescontos.com\/index.php\/wp-json\/wp\/v2\/product_tag?post=229"}],"curies":[{"name":"wp","href":"https:\/\/api.w.org\/{rel}","templated":true}]}}