{"id":23,"date":"2023-11-21T17:00:52","date_gmt":"2023-11-21T20:00:52","guid":{"rendered":"https:\/\/fashiondescontos.com\/?post_type=product&#038;p=23"},"modified":"2024-05-10T10:54:12","modified_gmt":"2024-05-10T13:54:12","slug":"protetor-termico-finishing-gloss-c360-ybera-paris-90ml","status":"publish","type":"product","link":"https:\/\/fashiondescontos.com\/index.php\/produto\/protetor-termico-finishing-gloss-c360-ybera-paris-90ml\/","title":{"rendered":"Protetor T\u00e9rmico &#8211; Finishing Gloss C360 Ybera Paris 90ml"},"content":{"rendered":"<p><strong>Protetor T\u00e9rmico &#8211; Finishing Gloss C360<\/strong><\/p>\n<p>\u00c9 um finalizador e protetor t\u00e9rmico para todo tipo de cabelo, que repara o fio em todas as dire\u00e7\u00f5es, deixando os cabelos suaves e com brilho naturalmente incr\u00edvel. Sela as cut\u00edculas com um filme protetor contra o calor do secador e da chapinha, reparando os fios e deixando-os mais suaves e cintilantes.<\/p>\n<p>Modo de usar: Borrife em todo o comprimento dos cabelos a quantidade que achar necess\u00e1ria e espalhe bem com ajuda de um pente fino. Pode ser aplicado no cabelo \u00famido ou seco, antes e depois da escova e chapinha. N\u00e3o precisa enxaguar.<\/p>\n","protected":false},"excerpt":{"rendered":"<p><strong>Protetor T\u00e9rmico &#8211; Finishing Gloss C360<\/strong><\/p>\n<p>\u00c9 um finalizador para todo tipo de cabelo, que repara o fio em todas as dire\u00e7\u00f5es, deixando os cabelos suaves e com brilho naturalmente incr\u00edvel. Sela as cut\u00edculas com um filme protetor contra o calor do secador e da chapinha, reparando os fios e deixando-os mais suaves e cintilantes.<\/p>\n<p>Modo de usar: Borrife em todo o comprimento dos cabelos a quantidade que achar necess\u00e1ria e espalhe bem com ajuda de um pente fino. Pode ser aplicado no cabelo \u00famido ou seco, antes e depois da escova e chapinha. N\u00e3o precisa enxaguar.<\/p>\n","protected":false},"featured_media":56,"comment_status":"closed","ping_status":"closed","template":"","meta":[],"product_brand":[],"product_cat":[26],"product_tag":[27],"class_list":{"0":"post-23","1":"product","2":"type-product","3":"status-publish","4":"has-post-thumbnail","6":"product_cat-ybera-paris","7":"product_tag-catalogo","9":"first","10":"instock","11":"sale","12":"shipping-taxable","13":"product-type-external"},"_links":{"self":[{"href":"https:\/\/fashiondescontos.com\/index.php\/wp-json\/wp\/v2\/product\/23","targetHints":{"allow":["GET"]}}],"collection":[{"href":"https:\/\/fashiondescontos.com\/index.php\/wp-json\/wp\/v2\/product"}],"about":[{"href":"https:\/\/fashiondescontos.com\/index.php\/wp-json\/wp\/v2\/types\/product"}],"replies":[{"embeddable":true,"href":"https:\/\/fashiondescontos.com\/index.php\/wp-json\/wp\/v2\/comments?post=23"}],"wp:featuredmedia":[{"embeddable":true,"href":"https:\/\/fashiondescontos.com\/index.php\/wp-json\/wp\/v2\/media\/56"}],"wp:attachment":[{"href":"https:\/\/fashiondescontos.com\/index.php\/wp-json\/wp\/v2\/media?parent=23"}],"wp:term":[{"taxonomy":"product_brand","embeddable":true,"href":"https:\/\/fashiondescontos.com\/index.php\/wp-json\/wp\/v2\/product_brand?post=23"},{"taxonomy":"product_cat","embeddable":true,"href":"https:\/\/fashiondescontos.com\/index.php\/wp-json\/wp\/v2\/product_cat?post=23"},{"taxonomy":"product_tag","embeddable":true,"href":"https:\/\/fashiondescontos.com\/index.php\/wp-json\/wp\/v2\/product_tag?post=23"}],"curies":[{"name":"wp","href":"https:\/\/api.w.org\/{rel}","templated":true}]}}