{"id":24,"date":"2023-11-21T17:00:52","date_gmt":"2023-11-21T20:00:52","guid":{"rendered":"https:\/\/fashiondescontos.com\/?post_type=product&#038;p=24"},"modified":"2024-05-10T10:54:12","modified_gmt":"2024-05-10T13:54:12","slug":"oleo-de-mirra-hidratante-milagroso-ybera-paris","status":"publish","type":"product","link":"https:\/\/fashiondescontos.com\/index.php\/produto\/oleo-de-mirra-hidratante-milagroso-ybera-paris\/","title":{"rendered":"\u00d3leo De Mirra Hidratante Milagroso Ybera Paris"},"content":{"rendered":"<p><strong>\u00d3leo de Mirra<\/strong><\/p>\n<p>Citado pela b\u00edblia como um dos \u00f3leos mais antigos do mundo, a mirra \u00e9 um dos mais tradicionais ingredientes usados no cuidado \u00e0 beleza da mulher. Suas caracter\u00edsticas e benef\u00edcios para pele e cabelo s\u00e3o infinitos. O \u00d3leo de Mirra repair possui exclusiva f\u00f3rmula pro repair, que torna os cabelos profundamente emolientes, com intensa recupera\u00e7\u00e3o dos fios ressecados. Al\u00e9m de ser usado em diversos processos como potencializador de tratamentos, torna os fios mais resistentes e saud\u00e1veis.<\/p>\n<p>Indica\u00e7\u00e3o: Para todos os tipos de cabelos.<\/p>\n","protected":false},"excerpt":{"rendered":"<p><strong>\u00d3leo de Mirra<\/strong><\/p>\n<p>Citado pela b\u00edblia como um dos \u00f3leos mais antigos do mundo, a mirra \u00e9 um dos mais tradicionais ingredientes usados no cuidado \u00e0 beleza da mulher. Suas caracter\u00edsticas e benef\u00edcios para pele e cabelo s\u00e3o infinitos. O \u00d3leo de Mirra repair possui exclusiva f\u00f3rmula pro repair, que torna os cabelos profundamente emolientes, com intensa recupera\u00e7\u00e3o dos fios ressecados. Al\u00e9m de ser usado em diversos processos como potencializador de tratamentos, torna os fios mais resistentes e saud\u00e1veis.<\/p>\n<p>Indica\u00e7\u00e3o: Para todos os tipos de cabelos.<\/p>\n","protected":false},"featured_media":57,"comment_status":"closed","ping_status":"closed","template":"","meta":[],"product_brand":[],"product_cat":[26],"product_tag":[27],"class_list":{"0":"post-24","1":"product","2":"type-product","3":"status-publish","4":"has-post-thumbnail","6":"product_cat-ybera-paris","7":"product_tag-catalogo","9":"first","10":"instock","11":"sale","12":"featured","13":"shipping-taxable","14":"product-type-external"},"_links":{"self":[{"href":"https:\/\/fashiondescontos.com\/index.php\/wp-json\/wp\/v2\/product\/24","targetHints":{"allow":["GET"]}}],"collection":[{"href":"https:\/\/fashiondescontos.com\/index.php\/wp-json\/wp\/v2\/product"}],"about":[{"href":"https:\/\/fashiondescontos.com\/index.php\/wp-json\/wp\/v2\/types\/product"}],"replies":[{"embeddable":true,"href":"https:\/\/fashiondescontos.com\/index.php\/wp-json\/wp\/v2\/comments?post=24"}],"wp:featuredmedia":[{"embeddable":true,"href":"https:\/\/fashiondescontos.com\/index.php\/wp-json\/wp\/v2\/media\/57"}],"wp:attachment":[{"href":"https:\/\/fashiondescontos.com\/index.php\/wp-json\/wp\/v2\/media?parent=24"}],"wp:term":[{"taxonomy":"product_brand","embeddable":true,"href":"https:\/\/fashiondescontos.com\/index.php\/wp-json\/wp\/v2\/product_brand?post=24"},{"taxonomy":"product_cat","embeddable":true,"href":"https:\/\/fashiondescontos.com\/index.php\/wp-json\/wp\/v2\/product_cat?post=24"},{"taxonomy":"product_tag","embeddable":true,"href":"https:\/\/fashiondescontos.com\/index.php\/wp-json\/wp\/v2\/product_tag?post=24"}],"curies":[{"name":"wp","href":"https:\/\/api.w.org\/{rel}","templated":true}]}}