{"id":27,"date":"2023-11-21T17:00:52","date_gmt":"2023-11-21T20:00:52","guid":{"rendered":"https:\/\/fashiondescontos.com\/?post_type=product&#038;p=27"},"modified":"2024-05-10T10:54:13","modified_gmt":"2024-05-10T13:54:13","slug":"kit-pos-progressiva-300ml-250g-fashion-gold","status":"publish","type":"product","link":"https:\/\/fashiondescontos.com\/index.php\/produto\/kit-pos-progressiva-300ml-250g-fashion-gold\/","title":{"rendered":"Kit P\u00f3s Progressiva 300ML \/ 250G &#8211; Fashion Gold"},"content":{"rendered":"<p><strong>Tratamento completo para cabelos com progressiva!<\/strong><\/p>\n<p>O SHAMPOO P\u00d3S PROGRESSIVA FASHION GOLD prolonga o efeito do alisamento e preserva o brilho e a hidrata\u00e7\u00e3o natural dos fios.\u00a0A M\u00c1SCARA 2 EM 1 \u00e9 capaz de condicionar e hidratar ao mesmo tempo. Proporcionando um efeito \u00fanico, deixando seu cabelo com balan\u00e7o e naturalidade.<\/p>\n<p>Sua exclusiva tecnologia prolonga o efeito obtido pela escova progressiva, deixando o cabelo liso por muito mais tempo, um shampoo convencional tende a retirar at\u00e9 5x mais r\u00e1pido o efeito do alisamento, al\u00e9m de deixar o cabelo ressecado e sem brilho.<\/p>\n<p>SHAMPOO FASHION GOLD\u00a0foi elaborado com a mais alta tecnologia para manter as escamas do cabelo (cut\u00edculas capilares) fechadas, evitando a oxida\u00e7\u00e3o e perda dos ativos que mant\u00e9m o cabelo liso e nutrido. Sua exclusiva formula\u00e7\u00e3o limpa sem danificar os fios, promovendo uma hidrata\u00e7\u00e3o profunda e tratamento intenso. Sua f\u00f3rmula concentrada proporciona maior rendimento, possibilitando um n\u00famero muito maior de lavagens do que outros shampoos tradicionais.<\/p>\n<p>A M\u00c1SCARA 2 EM 1 dispensa o uso de condicionador, pois seu PH equilibrado hidrata ao mesmo tempo que mant\u00e9m a cut\u00edcula dos fios fechadas, preservando o alisamento por muito mais tempo, pode ser usada diariamente. N\u00e3o aumenta a oleosidade natural dos fios e n\u00e3o deixa o aspecto de \u201cpesado\u201d.<\/p>\n<p>Recomendado para todo o tipo de cabelo e compat\u00edvel com todas as qu\u00edmicas do mercado. N\u00e3o altera a cor dos fios. Pode ser usado diariamente, especialmente indicado para quem usa a Escova Progressiva FASHION GOLD.<\/p>\n<p>Este produto n\u00e3o alisa o cabelo, apenas prolonga o efeito obtido com a escova progressiva.<\/p>\n","protected":false},"excerpt":{"rendered":"<p><strong>Tratamento completo para cabelos com progressiva!<\/strong><\/p>\n<p>O SHAMPOO P\u00d3S PROGRESSIVA FASHION GOLD prolonga o efeito do alisamento e preserva o brilho e a hidrata\u00e7\u00e3o natural dos fios.\u00a0A M\u00c1SCARA 2 EM 1 \u00e9 capaz de condicionar e hidratar ao mesmo tempo. Proporcionando um efeito \u00fanico, deixando seu cabelo com balan\u00e7o e naturalidade.<\/p>\n<p>Sua exclusiva tecnologia prolonga o efeito obtido pela escova progressiva, deixando o cabelo liso por muito mais tempo, um shampoo convencional tende a retirar at\u00e9 5x mais r\u00e1pido o efeito do alisamento, al\u00e9m de deixar o cabelo ressecado e sem brilho.<\/p>\n<p>SHAMPOO FASHION GOLD\u00a0foi elaborado com a mais alta tecnologia para manter as escamas do cabelo (cut\u00edculas capilares) fechadas, evitando a oxida\u00e7\u00e3o e perda dos ativos que mant\u00e9m o cabelo liso e nutrido. Sua exclusiva formula\u00e7\u00e3o limpa sem danificar os fios, promovendo uma hidrata\u00e7\u00e3o profunda e tratamento intenso. Sua f\u00f3rmula concentrada proporciona maior rendimento, possibilitando um n\u00famero muito maior de lavagens do que outros shampoos tradicionais.<\/p>\n<p>A M\u00c1SCARA 2 EM 1 dispensa o uso de condicionador, pois seu PH equilibrado hidrata ao mesmo tempo que mant\u00e9m a cut\u00edcula dos fios fechadas, preservando o alisamento por muito mais tempo, pode ser usada diariamente. N\u00e3o aumenta a oleosidade natural dos fios e n\u00e3o deixa o aspecto de \u201cpesado\u201d.<\/p>\n<p>Recomendado para todo o tipo de cabelo e compat\u00edvel com todas as qu\u00edmicas do mercado. N\u00e3o altera a cor dos fios. Pode ser usado diariamente, especialmente indicado para quem usa a Escova Progressiva FASHION GOLD.<\/p>\n<p>Este produto n\u00e3o alisa o cabelo, apenas prolonga o efeito obtido com a escova progressiva.<\/p>\n","protected":false},"featured_media":60,"comment_status":"closed","ping_status":"closed","template":"","meta":[],"product_brand":[],"product_cat":[23,26],"product_tag":[27],"class_list":{"0":"post-27","1":"product","2":"type-product","3":"status-publish","4":"has-post-thumbnail","6":"product_cat-hidratacao","7":"product_cat-ybera-paris","8":"product_tag-catalogo","10":"first","11":"instock","12":"sale","13":"shipping-taxable","14":"product-type-external"},"_links":{"self":[{"href":"https:\/\/fashiondescontos.com\/index.php\/wp-json\/wp\/v2\/product\/27","targetHints":{"allow":["GET"]}}],"collection":[{"href":"https:\/\/fashiondescontos.com\/index.php\/wp-json\/wp\/v2\/product"}],"about":[{"href":"https:\/\/fashiondescontos.com\/index.php\/wp-json\/wp\/v2\/types\/product"}],"replies":[{"embeddable":true,"href":"https:\/\/fashiondescontos.com\/index.php\/wp-json\/wp\/v2\/comments?post=27"}],"wp:featuredmedia":[{"embeddable":true,"href":"https:\/\/fashiondescontos.com\/index.php\/wp-json\/wp\/v2\/media\/60"}],"wp:attachment":[{"href":"https:\/\/fashiondescontos.com\/index.php\/wp-json\/wp\/v2\/media?parent=27"}],"wp:term":[{"taxonomy":"product_brand","embeddable":true,"href":"https:\/\/fashiondescontos.com\/index.php\/wp-json\/wp\/v2\/product_brand?post=27"},{"taxonomy":"product_cat","embeddable":true,"href":"https:\/\/fashiondescontos.com\/index.php\/wp-json\/wp\/v2\/product_cat?post=27"},{"taxonomy":"product_tag","embeddable":true,"href":"https:\/\/fashiondescontos.com\/index.php\/wp-json\/wp\/v2\/product_tag?post=27"}],"curies":[{"name":"wp","href":"https:\/\/api.w.org\/{rel}","templated":true}]}}