{"id":29,"date":"2023-11-21T17:00:52","date_gmt":"2023-11-21T20:00:52","guid":{"rendered":"https:\/\/fashiondescontos.com\/?post_type=product&#038;p=29"},"modified":"2024-10-15T15:22:09","modified_gmt":"2024-10-15T18:22:09","slug":"escova-progressiva-fashion-gold-500g","status":"publish","type":"product","link":"https:\/\/fashiondescontos.com\/index.php\/produto\/escova-progressiva-fashion-gold-500g\/","title":{"rendered":"Escova Progressiva Fashion Gold 500g"},"content":{"rendered":"<p><strong>Fashion Gold com KeraFive\u00b2\u00b2 &#8211; A MAIS VENDIDA DO BRASIL DESDE 2020<\/strong><\/p>\n<p>Cabelo com brilho intenso, naturalidade, balan\u00e7o e sem frizz s\u00e3o alguns dos muitos benef\u00edcios da FASHION GOLD.<\/p>\n<p>Cabelos rebeldes e indisciplinados dificultam muito o dia a dia, sendo dif\u00edcil pentear e controlar o volume. Fashion Gold educa os fios permitindo que o seu dia a dia seja muito mais simples e descomplicado.<\/p>\n<p>A Fashion Gold \u00e9 indicada para todos os tipos de cabelos. Sua f\u00f3rmula exclusiva, proporciona um resultado perfeito que voc\u00ea sempre sonhou. Cont\u00e9m \u00f3leo inca e prote\u00edna de quinoa, ativos raros que restauram a sa\u00fade dos fios, hidratam e deixam seu cabelo com um brilho impec\u00e1vel.<\/p>\n<p>Venha se juntar ao time das apaixonadas por Fashion Gold! E garanta a ORIGINAL, n\u00e3o aceite imita\u00e7\u00f5es.<\/p>\n<p>Siga o Passo a Passo que ser\u00e1 enviado junto com o produto para obter sempre os melhores resultados.<\/p>\n<p>INGREDIENTES: AQUA, CETEARYL ALCOHOL, DIMETHICONE, COCOS NUCIFERA OIL, CETRIMONIUM CHLORIDE, ALCOHOL, PLUKENETIA VOLUBILIS SEED OIL, PARFUM, LACTIC ACID, ETHYL LINOLEATE, ETHYL OLEATE , TREHALOSE, PHENOXYETHANOL, GLYCOLIC ACID, POLYGLYCERYL-10 LAURATE, MAGNESIUM ALUMINUM SILICATE, HYDROXYETHYLCELLULOSE, DISODIUM EDTA, PENTAERYTHRITYL TETRA-DI-T-BUTYL HYDROXYHYDROCINNAMATE, CAPRYLYL GLYCOL, CHENOPODIUM QUINOA SEED EXTRACT, PEG-90M, BEHENTRIMONIUM CHLORIDE, D-LIMONENE, SODIUM ACETATE, CAPRYLIC ACID, PROPYLENE GLYCOL, XYLITOL, LINALOOL, BENZYL ALCOHOL, SODIUM LIGNOSULFONATE, ALPHA-ISOMETHYL IONONE, CELLULOSE, GERANIOL, COUMARIN, CAPRYLIC\/CAPRIC TRIGLYCERIDE, MALIC ACID, POLYGLUTAMIC ACID, CITRAL, POTASSIUM SORBATE, TOCOPHEROL.<\/p>\n<p>FASHION GOLD \u2013 M\u00e1scara Educadora Capilar<\/p>\n<p>N\u00famero Processo &#8211; ANVISA: 25351.528174\/2022-05<\/p>\n<p>Indica\u00e7\u00e3o: Todos os tipos de cabelos.<\/p>\n","protected":false},"excerpt":{"rendered":"<p><strong>Fashion Gold com KeraFive\u00b2\u00b2 &#8211; A MAIS VENDIDA DO BRASIL DESDE 2020<\/strong><\/p>\n<p>Cabelo com brilho intenso, naturalidade, balan\u00e7o e sem frizz s\u00e3o alguns dos muitos benef\u00edcios da FASHION GOLD.<\/p>\n<p>Cabelos rebeldes e indisciplinados dificultam muito o dia a dia, sendo dif\u00edcil pentear e controlar o volume. Fashion Gold educa os fios permitindo que o seu dia a dia seja muito mais simples e descomplicado.<\/p>\n<p>A Fashion Gold \u00e9 indicada para todos os tipos de cabelos. Sua f\u00f3rmula exclusiva, proporciona um resultado perfeito que voc\u00ea sempre sonhou. Cont\u00e9m \u00f3leo inca e prote\u00edna de quinoa, ativos raros que restauram a sa\u00fade dos fios, hidratam e deixam seu cabelo com um brilho impec\u00e1vel.<\/p>\n<p>Venha se juntar ao time das apaixonadas por Fashion Gold! E garanta a ORIGINAL, n\u00e3o aceite imita\u00e7\u00f5es.<\/p>\n<p>Siga o Passo a Passo que ser\u00e1 enviado junto com o produto para obter sempre os melhores resultados.<\/p>\n<p>INGREDIENTES: AQUA, CETEARYL ALCOHOL, DIMETHICONE, COCOS NUCIFERA OIL, CETRIMONIUM CHLORIDE, ALCOHOL, PLUKENETIA VOLUBILIS SEED OIL, PARFUM, LACTIC ACID, ETHYL LINOLEATE, ETHYL OLEATE , TREHALOSE, PHENOXYETHANOL, GLYCOLIC ACID, POLYGLYCERYL-10 LAURATE, MAGNESIUM ALUMINUM SILICATE, HYDROXYETHYLCELLULOSE, DISODIUM EDTA, PENTAERYTHRITYL TETRA-DI-T-BUTYL HYDROXYHYDROCINNAMATE, CAPRYLYL GLYCOL, CHENOPODIUM QUINOA SEED EXTRACT, PEG-90M, BEHENTRIMONIUM CHLORIDE, D-LIMONENE, SODIUM ACETATE, CAPRYLIC ACID, PROPYLENE GLYCOL, XYLITOL, LINALOOL, BENZYL ALCOHOL, SODIUM LIGNOSULFONATE, ALPHA-ISOMETHYL IONONE, CELLULOSE, GERANIOL, COUMARIN, CAPRYLIC\/CAPRIC TRIGLYCERIDE, MALIC ACID, POLYGLUTAMIC ACID, CITRAL, POTASSIUM SORBATE, TOCOPHEROL.<\/p>\n<p>FASHION GOLD \u2013 M\u00e1scara Educadora Capilar<\/p>\n<p>Indica\u00e7\u00e3o: Todos os tipos de cabelos.<\/p>\n","protected":false},"featured_media":62,"comment_status":"closed","ping_status":"closed","template":"","meta":[],"product_brand":[],"product_cat":[16],"product_tag":[17,18,19,20,21,22],"class_list":{"0":"post-29","1":"product","2":"type-product","3":"status-publish","4":"has-post-thumbnail","6":"product_cat-alisamento","7":"product_tag-fashion-gold","8":"product_tag-formol","9":"product_tag-pagina-google","10":"product_tag-progressiva","11":"product_tag-selante","12":"product_tag-ybera-paris","14":"first","15":"instock","16":"sale","17":"featured","18":"shipping-taxable","19":"product-type-external"},"_links":{"self":[{"href":"https:\/\/fashiondescontos.com\/index.php\/wp-json\/wp\/v2\/product\/29","targetHints":{"allow":["GET"]}}],"collection":[{"href":"https:\/\/fashiondescontos.com\/index.php\/wp-json\/wp\/v2\/product"}],"about":[{"href":"https:\/\/fashiondescontos.com\/index.php\/wp-json\/wp\/v2\/types\/product"}],"replies":[{"embeddable":true,"href":"https:\/\/fashiondescontos.com\/index.php\/wp-json\/wp\/v2\/comments?post=29"}],"wp:featuredmedia":[{"embeddable":true,"href":"https:\/\/fashiondescontos.com\/index.php\/wp-json\/wp\/v2\/media\/62"}],"wp:attachment":[{"href":"https:\/\/fashiondescontos.com\/index.php\/wp-json\/wp\/v2\/media?parent=29"}],"wp:term":[{"taxonomy":"product_brand","embeddable":true,"href":"https:\/\/fashiondescontos.com\/index.php\/wp-json\/wp\/v2\/product_brand?post=29"},{"taxonomy":"product_cat","embeddable":true,"href":"https:\/\/fashiondescontos.com\/index.php\/wp-json\/wp\/v2\/product_cat?post=29"},{"taxonomy":"product_tag","embeddable":true,"href":"https:\/\/fashiondescontos.com\/index.php\/wp-json\/wp\/v2\/product_tag?post=29"}],"curies":[{"name":"wp","href":"https:\/\/api.w.org\/{rel}","templated":true}]}}