{"id":34,"date":"2023-11-21T17:00:52","date_gmt":"2023-11-21T20:00:52","guid":{"rendered":"https:\/\/fashiondescontos.com\/?post_type=product&#038;p=34"},"modified":"2024-05-10T10:54:13","modified_gmt":"2024-05-10T13:54:13","slug":"active-shape-acquafit-60-capsulas-promocao","status":"publish","type":"product","link":"https:\/\/fashiondescontos.com\/index.php\/produto\/active-shape-acquafit-60-capsulas-promocao\/","title":{"rendered":"Active Shape Acquafit &#8211; 60 Capsulas &#8211; Promo\u00e7\u00e3o"},"content":{"rendered":"<p>Active Shape &#8211; Suplemento Alimentar em C\u00e1psulas para um Metabolismo Ativo<\/p>\n<p>&nbsp;<\/p>\n<p>Experimente o Active Shape, um suplemento alimentar poderoso em forma de c\u00e1psulas para impulsionar o seu metabolismo! Com um total de 60 c\u00e1psulas, divididas em 30 verdes e 30 brancas, esse produto \u00e9 projetado para oferecer um suporte abrangente ao seu organismo.<\/p>\n<p>&nbsp;<\/p>\n<p>30 C\u00e1psulas Verdes:<\/p>\n<ul>\n<li>Auxiliam no metabolismo energ\u00e9tico<\/li>\n<li>Fonte de Vitamina D<\/li>\n<li>Fonte de Niacina<\/li>\n<\/ul>\n<p>&nbsp;<\/p>\n<p>30 C\u00e1psulas Brancas:<\/p>\n<p>&nbsp;<\/p>\n<ul>\n<li>Auxiliam na forma\u00e7\u00e3o de c\u00e9lulas vermelhas do sangue<\/li>\n<li>Fonte de Vitamina B6<\/li>\n<li>Auxiliam no funcionamento do sistema imunol\u00f3gico<\/li>\n<\/ul>\n<p>&nbsp;<\/p>\n<p><strong>Sugest\u00e3o de Uso:<\/strong><\/p>\n<p>Recomendamos a ingest\u00e3o de 2 c\u00e1psulas por dia, uma c\u00e1psula branca e uma c\u00e1psula verde, para obter o m\u00e1ximo benef\u00edcio.<\/p>\n<p>&nbsp;<\/p>\n<p><strong>Indicado para adultos:<\/strong>\u00a0N\u00e3o exceda a recomenda\u00e7\u00e3o di\u00e1ria de uso indicada na embalagem.<\/p>\n<p>&nbsp;<\/p>\n<p><em><strong>Informa\u00e7\u00f5es Importantes:<\/strong><\/em><\/p>\n<p><em><strong>AL\u00c9RGICOS: Pode conter derivados de crust\u00e1ceos, peixes, soja, leite e pinus.<\/strong><\/em><\/p>\n<p>&nbsp;<\/p>\n<p>Experimente o Active Shape e descubra uma maneira eficaz de apoiar seu metabolismo enquanto cuida da sua sa\u00fade. Fa\u00e7a sua compra agora e transforme sua jornada de bem-estar!<\/p>\n","protected":false},"excerpt":{"rendered":"<p>Active Shape &#8211; Suplemento Alimentar em C\u00e1psulas para um Metabolismo Ativo<\/p>\n<p>&nbsp;<\/p>\n<p>Experimente o Active Shape, um suplemento alimentar poderoso em forma de c\u00e1psulas para impulsionar o seu metabolismo! Com um total de 60 c\u00e1psulas, divididas em 30 verdes e 30 brancas, esse produto \u00e9 projetado para oferecer um suporte abrangente ao seu organismo.<\/p>\n<p>&nbsp;<\/p>\n<p>30 C\u00e1psulas Verdes:<\/p>\n<ul>\n<li>Auxiliam no metabolismo energ\u00e9tico<\/li>\n<li>Fonte de Vitamina D<\/li>\n<li>Fonte de Niacina<\/li>\n<\/ul>\n<p>&nbsp;<\/p>\n<p>30 C\u00e1psulas Brancas:<\/p>\n<p>&nbsp;<\/p>\n<ul>\n<li>Auxiliam na forma\u00e7\u00e3o de c\u00e9lulas vermelhas do sangue<\/li>\n<li>Fonte de Vitamina B6<\/li>\n<li>Auxiliam no funcionamento do sistema imunol\u00f3gico<\/li>\n<\/ul>\n<p>&nbsp;<\/p>\n<p><strong>Sugest\u00e3o de Uso:<\/strong><\/p>\n<p>Recomendamos a ingest\u00e3o de 2 c\u00e1psulas por dia, uma c\u00e1psula branca e uma c\u00e1psula verde, para obter o m\u00e1ximo benef\u00edcio.<\/p>\n<p>&nbsp;<\/p>\n<p><strong>Indicado para adultos:<\/strong>\u00a0N\u00e3o exceda a recomenda\u00e7\u00e3o di\u00e1ria de uso indicada na embalagem.<\/p>\n<p>&nbsp;<\/p>\n<p><em><strong>Informa\u00e7\u00f5es Importantes:<\/strong><\/em><\/p>\n<p><em><strong>AL\u00c9RGICOS: Pode conter derivados de crust\u00e1ceos, peixes, soja, leite e pinus.<\/strong><\/em><\/p>\n<p>&nbsp;<\/p>\n<p>Experimente o Active Shape e descubra uma maneira eficaz de apoiar seu metabolismo enquanto cuida da sua sa\u00fade. Fa\u00e7a sua compra agora e transforme sua jornada de bem-estar!<\/p>\n","protected":false},"featured_media":67,"comment_status":"closed","ping_status":"closed","template":"","meta":[],"product_brand":[],"product_cat":[31],"product_tag":[27],"class_list":{"0":"post-34","1":"product","2":"type-product","3":"status-publish","4":"has-post-thumbnail","6":"product_cat-suplemento","7":"product_tag-catalogo","9":"first","10":"instock","11":"sale","12":"shipping-taxable","13":"product-type-external"},"_links":{"self":[{"href":"https:\/\/fashiondescontos.com\/index.php\/wp-json\/wp\/v2\/product\/34","targetHints":{"allow":["GET"]}}],"collection":[{"href":"https:\/\/fashiondescontos.com\/index.php\/wp-json\/wp\/v2\/product"}],"about":[{"href":"https:\/\/fashiondescontos.com\/index.php\/wp-json\/wp\/v2\/types\/product"}],"replies":[{"embeddable":true,"href":"https:\/\/fashiondescontos.com\/index.php\/wp-json\/wp\/v2\/comments?post=34"}],"wp:featuredmedia":[{"embeddable":true,"href":"https:\/\/fashiondescontos.com\/index.php\/wp-json\/wp\/v2\/media\/67"}],"wp:attachment":[{"href":"https:\/\/fashiondescontos.com\/index.php\/wp-json\/wp\/v2\/media?parent=34"}],"wp:term":[{"taxonomy":"product_brand","embeddable":true,"href":"https:\/\/fashiondescontos.com\/index.php\/wp-json\/wp\/v2\/product_brand?post=34"},{"taxonomy":"product_cat","embeddable":true,"href":"https:\/\/fashiondescontos.com\/index.php\/wp-json\/wp\/v2\/product_cat?post=34"},{"taxonomy":"product_tag","embeddable":true,"href":"https:\/\/fashiondescontos.com\/index.php\/wp-json\/wp\/v2\/product_tag?post=34"}],"curies":[{"name":"wp","href":"https:\/\/api.w.org\/{rel}","templated":true}]}}